{"id":73,"date":"2019-11-05T12:20:05","date_gmt":"2019-11-05T11:20:05","guid":{"rendered":"http:\/\/www.keraco.com\/?page_id=73"},"modified":"2023-12-12T15:02:35","modified_gmt":"2023-12-12T14:02:35","slug":"empresa","status":"publish","type":"page","link":"https:\/\/keraco.com\/es\/empresa\/","title":{"rendered":"Empresa"},"content":{"rendered":"<div class=\"wpb-content-wrapper\"><p>[vc_section full_width=\u00bbstretch_row_content\u00bb][vc_row full_width=\u00bbstretch_row_content_no_spaces\u00bb][vc_column]  <article>\n    <div class=\"vc_image_text--container\">\n      <div class=\"cont--imagefull\">\n        <div class=\"cont-imagefull-mobile\">\n          <img loading=\"lazy\" decoding=\"async\" width=\"675\" height=\"915\" src=\"https:\/\/keraco.com\/wp-content\/uploads\/2019\/11\/img-principal-empresa.jpg\" class=\"attachment-full size-full\" alt=\"\" srcset=\"https:\/\/keraco.com\/wp-content\/uploads\/2019\/11\/img-principal-empresa.jpg 675w, https:\/\/keraco.com\/wp-content\/uploads\/2019\/11\/img-principal-empresa-221x300.jpg 221w\" sizes=\"auto, (max-width: 675px) 100vw, 675px\" \/>        <\/div>\n      <\/div>\n      <div class=\"cont--text-image\">\n        <div class=\"cont--text\">\n          <div class=\"cont--text--inner\">\n            <div class=\"cont--text-body\"><\/p>\n<h1>Especialistas en fabricaci\u00f3n de cer\u00e1mica para el sector industrial<\/h1>\n<p>Desde 1990 creamos componentes de <strong>cer\u00e1mica para el sector industrial especializados en la fabricaci\u00f3n por extrusi\u00f3n y prensado de materiales porosos.<\/strong><\/p>\n<p>Formar parte de un grupo industrial con m\u00e1s de 25 a\u00f1os de trayectoria como Famatel, nos avala y permite estar presentes en m\u00e1s de 80 pa\u00edses gracias a sus 4 centros de producci\u00f3n y a sus 7 filiales comerciales.<\/p>\n<p>Nuestra pol\u00edtica empresarial est\u00e1 basada en establecer y mantener un efectivo y eficiente Programa de Calidad, presente en todos los procesos y \u00e1mbitos de la empresa y, adem\u00e1s, cumplimos con todos los requisitos y exigencias t\u00e9cnicas de nuestros clientes gracias al sistema integrado ISO 9001.<\/p>\n<p>Adem\u00e1s, hemos desarrollado productos y soluciones especificas para el canal industrial y retail a trav\u00e9s de nuestras marcas comerciales: <a href=\"http:\/\/www.befreshtech.com\/es\/\" target=\"_blank\" rel=\"noopener noreferrer\">BEfresh Technology<\/a>, <a href=\"https:\/\/www.befreshome.com\/es\/\" target=\"_blank\" rel=\"noopener noreferrer\">BEFresh Home<\/a> y <a href=\"https:\/\/grilltiles.com\/\" target=\"_blank\" rel=\"noopener noreferrer\">King Ceramic Grill Tiles<\/a>.<\/div>\n          <\/div>\n        <\/div>\n        <div class=\"cont-imagefull-desktop\">\n          <img loading=\"lazy\" decoding=\"async\" width=\"675\" height=\"915\" src=\"https:\/\/keraco.com\/wp-content\/uploads\/2019\/11\/img-principal-empresa.jpg\" class=\"attachment-full size-full\" alt=\"\" srcset=\"https:\/\/keraco.com\/wp-content\/uploads\/2019\/11\/img-principal-empresa.jpg 675w, https:\/\/keraco.com\/wp-content\/uploads\/2019\/11\/img-principal-empresa-221x300.jpg 221w\" sizes=\"auto, (max-width: 675px) 100vw, 675px\" \/>        <\/div>\n      <\/div>\n    <\/div>\n  <\/article>\n\n[\/vc_column][\/vc_row][\/vc_section][vc_section][vc_row][vc_column]\n<div class=\"slider-scroll-container slider-scroll-container-content\"> \n    \n      <div class=\"slider-scroll-content scroll-lateral\">\n          \n          \n              <div class=\"item panel color-text-white color-logo-white color-menu_prinicipal-white color-menu_idioma-white\">                         \n                                                    \n                  <div class=\"cont__img d-none d-md-block\">\n                      <img loading=\"lazy\" decoding=\"async\" width=\"1620\" height=\"1080\" src=\"https:\/\/keraco.com\/wp-content\/uploads\/2019\/11\/img-slide-empresa-02.jpg\" class=\"attachment-full size-full wp-post-image\" alt=\"\" srcset=\"https:\/\/keraco.com\/wp-content\/uploads\/2019\/11\/img-slide-empresa-02.jpg 1620w, https:\/\/keraco.com\/wp-content\/uploads\/2019\/11\/img-slide-empresa-02-300x200.jpg 300w, https:\/\/keraco.com\/wp-content\/uploads\/2019\/11\/img-slide-empresa-02-768x512.jpg 768w, https:\/\/keraco.com\/wp-content\/uploads\/2019\/11\/img-slide-empresa-02-1024x683.jpg 1024w\" sizes=\"auto, (max-width: 1620px) 100vw, 1620px\" \/> \n                  <\/div>\n\n                                            <div class=\"cont__img_mobile d-block d-md-none\">\n                              <img loading=\"lazy\" decoding=\"async\" width=\"1620\" height=\"1080\" src=\"https:\/\/keraco.com\/wp-content\/uploads\/2019\/11\/img-slide-empresa-02.jpg\" class=\"attachment-full size-full\" alt=\"\" srcset=\"https:\/\/keraco.com\/wp-content\/uploads\/2019\/11\/img-slide-empresa-02.jpg 1620w, https:\/\/keraco.com\/wp-content\/uploads\/2019\/11\/img-slide-empresa-02-300x200.jpg 300w, https:\/\/keraco.com\/wp-content\/uploads\/2019\/11\/img-slide-empresa-02-768x512.jpg 768w, https:\/\/keraco.com\/wp-content\/uploads\/2019\/11\/img-slide-empresa-02-1024x683.jpg 1024w\" sizes=\"auto, (max-width: 1620px) 100vw, 1620px\" \/>                          <\/div>   \n                       \n              <\/div>\n\n          \n          \n              <div class=\"item panel color-text-white color-logo-white color-menu_prinicipal-white color-menu_idioma-white\">                         \n                                                    \n                  <div class=\"cont__img d-none d-md-block\">\n                      <img loading=\"lazy\" decoding=\"async\" width=\"1620\" height=\"1080\" src=\"https:\/\/keraco.com\/wp-content\/uploads\/2019\/11\/img-slide-empresa-04.jpg\" class=\"attachment-full size-full wp-post-image\" alt=\"\" srcset=\"https:\/\/keraco.com\/wp-content\/uploads\/2019\/11\/img-slide-empresa-04.jpg 1620w, https:\/\/keraco.com\/wp-content\/uploads\/2019\/11\/img-slide-empresa-04-300x200.jpg 300w, https:\/\/keraco.com\/wp-content\/uploads\/2019\/11\/img-slide-empresa-04-768x512.jpg 768w, https:\/\/keraco.com\/wp-content\/uploads\/2019\/11\/img-slide-empresa-04-1024x683.jpg 1024w\" sizes=\"auto, (max-width: 1620px) 100vw, 1620px\" \/> \n                  <\/div>\n\n                                            <div class=\"cont__img_mobile d-block d-md-none\">\n                              <img loading=\"lazy\" decoding=\"async\" width=\"1620\" height=\"1080\" src=\"https:\/\/keraco.com\/wp-content\/uploads\/2019\/11\/img-slide-empresa-04.jpg\" class=\"attachment-full size-full\" alt=\"\" srcset=\"https:\/\/keraco.com\/wp-content\/uploads\/2019\/11\/img-slide-empresa-04.jpg 1620w, https:\/\/keraco.com\/wp-content\/uploads\/2019\/11\/img-slide-empresa-04-300x200.jpg 300w, https:\/\/keraco.com\/wp-content\/uploads\/2019\/11\/img-slide-empresa-04-768x512.jpg 768w, https:\/\/keraco.com\/wp-content\/uploads\/2019\/11\/img-slide-empresa-04-1024x683.jpg 1024w\" sizes=\"auto, (max-width: 1620px) 100vw, 1620px\" \/>                          <\/div>   \n                       \n              <\/div>\n\n          \n          \n              <div class=\"item panel color-text-white color-logo-white color-menu_prinicipal-white color-menu_idioma-white\">                         \n                                                    \n                  <div class=\"cont__img d-none d-md-block\">\n                      <img loading=\"lazy\" decoding=\"async\" width=\"1620\" height=\"1080\" src=\"https:\/\/keraco.com\/wp-content\/uploads\/2019\/11\/img-slide-empresa-03.jpg\" class=\"attachment-full size-full wp-post-image\" alt=\"\" srcset=\"https:\/\/keraco.com\/wp-content\/uploads\/2019\/11\/img-slide-empresa-03.jpg 1620w, https:\/\/keraco.com\/wp-content\/uploads\/2019\/11\/img-slide-empresa-03-300x200.jpg 300w, https:\/\/keraco.com\/wp-content\/uploads\/2019\/11\/img-slide-empresa-03-768x512.jpg 768w, https:\/\/keraco.com\/wp-content\/uploads\/2019\/11\/img-slide-empresa-03-1024x683.jpg 1024w\" sizes=\"auto, (max-width: 1620px) 100vw, 1620px\" \/> \n                  <\/div>\n\n                                            <div class=\"cont__img_mobile d-block d-md-none\">\n                              <img loading=\"lazy\" decoding=\"async\" width=\"1620\" height=\"1080\" src=\"https:\/\/keraco.com\/wp-content\/uploads\/2019\/11\/img-slide-empresa-03.jpg\" class=\"attachment-full size-full\" alt=\"\" srcset=\"https:\/\/keraco.com\/wp-content\/uploads\/2019\/11\/img-slide-empresa-03.jpg 1620w, https:\/\/keraco.com\/wp-content\/uploads\/2019\/11\/img-slide-empresa-03-300x200.jpg 300w, https:\/\/keraco.com\/wp-content\/uploads\/2019\/11\/img-slide-empresa-03-768x512.jpg 768w, https:\/\/keraco.com\/wp-content\/uploads\/2019\/11\/img-slide-empresa-03-1024x683.jpg 1024w\" sizes=\"auto, (max-width: 1620px) 100vw, 1620px\" \/>                          <\/div>   \n                       \n              <\/div>\n\n          \n          \n      <\/div>\n      <div class=\"cont--link--item\"><\/div>\n<\/div>\n\n[\/vc_column][\/vc_row][\/vc_section][vc_section][vc_row][vc_column]  <article>\n    <div class=\"vc_image_text_secondary--container\">\n\n      <div class=\"cont--text-image\">\n        <div class=\"cont-imagefull-desktop\">\n          <img loading=\"lazy\" decoding=\"async\" width=\"670\" height=\"840\" src=\"https:\/\/keraco.com\/wp-content\/uploads\/2019\/11\/img-empresa-01.jpg\" class=\"attachment-full size-full\" alt=\"\" srcset=\"https:\/\/keraco.com\/wp-content\/uploads\/2019\/11\/img-empresa-01.jpg 670w, https:\/\/keraco.com\/wp-content\/uploads\/2019\/11\/img-empresa-01-239x300.jpg 239w\" sizes=\"auto, (max-width: 670px) 100vw, 670px\" \/>        <\/div>\n        <div class=\"cont--text\">\n          <div class=\"cont--text--inner\">\n            <div class=\"cont--text-body\"><\/p>\n<h1>Nos mueven<br \/>\nnuestros clientes<\/h1>\n<p>Somos eficientes, vers\u00e1tiles y flexibles y actuamos bajo un principio: <strong>adaptarnos a las necesidades de nuestros clientes.<\/strong><\/p>\n<p>Y podemos cumplirlo porque disponemos de los <strong>medios t\u00e9cnicos necesarios y un equipo humano<\/strong> con gran capacidad de an\u00e1lisis, m\u00e9todo y experiencia que nos permite un alto nivel de desarrollo en aquellas tecnolog\u00edas que son el pilar para la fabricaci\u00f3n de nuestros productos.<\/p>\n<p>&nbsp;<\/p>\n<h1>Certificados<\/h1>\n<p><a href=\"\/wp-content\/uploads\/2023\/12\/CertificadoER-0100-2002_ES_2021-12-07.pdf\" target=\"_blank\" rel=\"noopener noreferrer\">Certificado ISO KERACO (2021 &#8211; 2024)<\/a><\/p>\n<p><a href=\"\/wp-content\/uploads\/2023\/12\/IQNetES-0100-2002_2021-12-07.pdf\" target=\"_blank\" rel=\"noopener noreferrer\">Certificado IQNET KERACO (2021 &#8211; 2024)<\/a><\/p>\n<p><a href=\"\/wp-content\/uploads\/2020\/12\/POLITICA-DE-CALIDAD-KERACO-2020.pdf\" target=\"_blank\" rel=\"noopener noreferrer\">POLITICA DE CALIDAD KERACO (2020)<\/a><\/div>\n          <\/div>\n        <\/div>\n        <div class=\"cont-imagefull-mobile\">\n          <img loading=\"lazy\" decoding=\"async\" width=\"670\" height=\"840\" src=\"https:\/\/keraco.com\/wp-content\/uploads\/2019\/11\/img-empresa-01.jpg\" class=\"attachment-full size-full\" alt=\"\" srcset=\"https:\/\/keraco.com\/wp-content\/uploads\/2019\/11\/img-empresa-01.jpg 670w, https:\/\/keraco.com\/wp-content\/uploads\/2019\/11\/img-empresa-01-239x300.jpg 239w\" sizes=\"auto, (max-width: 670px) 100vw, 670px\" \/>        <\/div>\n      <\/div>\n    <\/div>\n  <\/article>\n\n[\/vc_column][\/vc_row][\/vc_section]<\/p>\n<\/div>","protected":false},"excerpt":{"rendered":"<p>[vc_section full_width=\u00bbstretch_row_content\u00bb][vc_row full_width=\u00bbstretch_row_content_no_spaces\u00bb][vc_column][\/vc_column][\/vc_row][\/vc_section][vc_section][vc_row][vc_column][\/vc_column][\/vc_row][\/vc_section][vc_section][vc_row][vc_column][\/vc_column][\/vc_row][\/vc_section] [&#8230;]<\/p>\n<p><a class=\"btn btn-secondary understrap-read-more-link\" href=\"https:\/\/keraco.com\/es\/empresa\/\">Leer m\u00e1s&#8230;<span class=\"screen-reader-text\"> from Empresa<\/span><\/a><\/p>\n","protected":false},"author":1,"featured_media":0,"parent":0,"menu_order":0,"comment_status":"closed","ping_status":"closed","template":"page-templates\/page-light-and-dark.php","meta":{"_acf_changed":false,"_monsterinsights_skip_tracking":false,"_monsterinsights_sitenote_active":false,"_monsterinsights_sitenote_note":"","_monsterinsights_sitenote_category":0,"footnotes":""},"class_list":["post-73","page","type-page","status-publish","hentry"],"acf":[],"yoast_head":"<!-- This site is optimized with the Yoast SEO plugin v27.4 - https:\/\/yoast.com\/product\/yoast-seo-wordpress\/ -->\n<title>Empresa - Keraco<\/title>\n<meta name=\"robots\" content=\"index, follow, max-snippet:-1, max-image-preview:large, max-video-preview:-1\" \/>\n<link rel=\"canonical\" href=\"https:\/\/keraco.com\/empresa\/\" \/>\n<meta property=\"og:locale\" content=\"es_ES\" \/>\n<meta property=\"og:type\" content=\"article\" \/>\n<meta property=\"og:title\" content=\"Empresa - Keraco\" \/>\n<meta property=\"og:description\" content=\"[vc_section full_width=\u00bbstretch_row_content\u00bb][vc_row full_width=\u00bbstretch_row_content_no_spaces\u00bb][vc_column][\/vc_column][\/vc_row][\/vc_section][vc_section][vc_row][vc_column][\/vc_column][\/vc_row][\/vc_section][vc_section][vc_row][vc_column][\/vc_column][\/vc_row][\/vc_section] [...]Leer m\u00e1s... from Empresa\" \/>\n<meta property=\"og:url\" content=\"https:\/\/keraco.com\/empresa\/\" \/>\n<meta property=\"og:site_name\" content=\"Keraco\" \/>\n<meta property=\"article:modified_time\" content=\"2023-12-12T14:02:35+00:00\" \/>\n<meta name=\"twitter:card\" content=\"summary_large_image\" \/>\n<meta name=\"twitter:label1\" content=\"Tiempo de lectura\" \/>\n\t<meta name=\"twitter:data1\" content=\"2 minutos\" \/>\n<script type=\"application\/ld+json\" class=\"yoast-schema-graph\">{\"@context\":\"https:\\\/\\\/schema.org\",\"@graph\":[{\"@type\":\"WebPage\",\"@id\":\"https:\\\/\\\/keraco.com\\\/empresa\\\/\",\"url\":\"https:\\\/\\\/keraco.com\\\/empresa\\\/\",\"name\":\"Empresa - Keraco\",\"isPartOf\":{\"@id\":\"https:\\\/\\\/keraco.com\\\/#website\"},\"datePublished\":\"2019-11-05T11:20:05+00:00\",\"dateModified\":\"2023-12-12T14:02:35+00:00\",\"breadcrumb\":{\"@id\":\"https:\\\/\\\/keraco.com\\\/empresa\\\/#breadcrumb\"},\"inLanguage\":\"es\",\"potentialAction\":[{\"@type\":\"ReadAction\",\"target\":[\"https:\\\/\\\/keraco.com\\\/empresa\\\/\"]}]},{\"@type\":\"BreadcrumbList\",\"@id\":\"https:\\\/\\\/keraco.com\\\/empresa\\\/#breadcrumb\",\"itemListElement\":[{\"@type\":\"ListItem\",\"position\":1,\"name\":\"Home\",\"item\":\"https:\\\/\\\/keraco.com\\\/pagina-principal\\\/\"},{\"@type\":\"ListItem\",\"position\":2,\"name\":\"Empresa\"}]},{\"@type\":\"WebSite\",\"@id\":\"https:\\\/\\\/keraco.com\\\/#website\",\"url\":\"https:\\\/\\\/keraco.com\\\/\",\"name\":\"Keraco\",\"description\":\"Technology &amp; Quality\",\"potentialAction\":[{\"@type\":\"SearchAction\",\"target\":{\"@type\":\"EntryPoint\",\"urlTemplate\":\"https:\\\/\\\/keraco.com\\\/?s={search_term_string}\"},\"query-input\":{\"@type\":\"PropertyValueSpecification\",\"valueRequired\":true,\"valueName\":\"search_term_string\"}}],\"inLanguage\":\"es\"}]}<\/script>\n<!-- \/ Yoast SEO plugin. -->","yoast_head_json":{"title":"Empresa - Keraco","robots":{"index":"index","follow":"follow","max-snippet":"max-snippet:-1","max-image-preview":"max-image-preview:large","max-video-preview":"max-video-preview:-1"},"canonical":"https:\/\/keraco.com\/empresa\/","og_locale":"es_ES","og_type":"article","og_title":"Empresa - Keraco","og_description":"[vc_section full_width=\u00bbstretch_row_content\u00bb][vc_row full_width=\u00bbstretch_row_content_no_spaces\u00bb][vc_column][\/vc_column][\/vc_row][\/vc_section][vc_section][vc_row][vc_column][\/vc_column][\/vc_row][\/vc_section][vc_section][vc_row][vc_column][\/vc_column][\/vc_row][\/vc_section] [...]Leer m\u00e1s... from Empresa","og_url":"https:\/\/keraco.com\/empresa\/","og_site_name":"Keraco","article_modified_time":"2023-12-12T14:02:35+00:00","twitter_card":"summary_large_image","twitter_misc":{"Tiempo de lectura":"2 minutos"},"schema":{"@context":"https:\/\/schema.org","@graph":[{"@type":"WebPage","@id":"https:\/\/keraco.com\/empresa\/","url":"https:\/\/keraco.com\/empresa\/","name":"Empresa - Keraco","isPartOf":{"@id":"https:\/\/keraco.com\/#website"},"datePublished":"2019-11-05T11:20:05+00:00","dateModified":"2023-12-12T14:02:35+00:00","breadcrumb":{"@id":"https:\/\/keraco.com\/empresa\/#breadcrumb"},"inLanguage":"es","potentialAction":[{"@type":"ReadAction","target":["https:\/\/keraco.com\/empresa\/"]}]},{"@type":"BreadcrumbList","@id":"https:\/\/keraco.com\/empresa\/#breadcrumb","itemListElement":[{"@type":"ListItem","position":1,"name":"Home","item":"https:\/\/keraco.com\/pagina-principal\/"},{"@type":"ListItem","position":2,"name":"Empresa"}]},{"@type":"WebSite","@id":"https:\/\/keraco.com\/#website","url":"https:\/\/keraco.com\/","name":"Keraco","description":"Technology &amp; Quality","potentialAction":[{"@type":"SearchAction","target":{"@type":"EntryPoint","urlTemplate":"https:\/\/keraco.com\/?s={search_term_string}"},"query-input":{"@type":"PropertyValueSpecification","valueRequired":true,"valueName":"search_term_string"}}],"inLanguage":"es"}]}},"_links":{"self":[{"href":"https:\/\/keraco.com\/es\/wp-json\/wp\/v2\/pages\/73","targetHints":{"allow":["GET"]}}],"collection":[{"href":"https:\/\/keraco.com\/es\/wp-json\/wp\/v2\/pages"}],"about":[{"href":"https:\/\/keraco.com\/es\/wp-json\/wp\/v2\/types\/page"}],"author":[{"embeddable":true,"href":"https:\/\/keraco.com\/es\/wp-json\/wp\/v2\/users\/1"}],"replies":[{"embeddable":true,"href":"https:\/\/keraco.com\/es\/wp-json\/wp\/v2\/comments?post=73"}],"version-history":[{"count":7,"href":"https:\/\/keraco.com\/es\/wp-json\/wp\/v2\/pages\/73\/revisions"}],"predecessor-version":[{"id":472,"href":"https:\/\/keraco.com\/es\/wp-json\/wp\/v2\/pages\/73\/revisions\/472"}],"wp:attachment":[{"href":"https:\/\/keraco.com\/es\/wp-json\/wp\/v2\/media?parent=73"}],"curies":[{"name":"wp","href":"https:\/\/api.w.org\/{rel}","templated":true}]}}