{"id":58,"date":"2019-11-05T11:45:32","date_gmt":"2019-11-05T10:45:32","guid":{"rendered":"http:\/\/www.keraco.com\/?page_id=58"},"modified":"2019-11-08T12:25:04","modified_gmt":"2019-11-08T11:25:04","slug":"pagina-de-estilos-2","status":"publish","type":"page","link":"https:\/\/keraco.com\/es\/pagina-de-estilos-2\/","title":{"rendered":"P\u00e1gina de estilos"},"content":{"rendered":"<div class=\"wpb-content-wrapper\"><p>[vc_section][vc_row][vc_column][vc_column_text]<\/p>\n<h1>T\u00edtulo principal &#8211; H1<\/h1>\n<h2>Subt\u00edtulo &#8211; H2<\/h2>\n<h3>T\u00edtulo medio &#8211; H3<\/h3>\n<h4>T\u00edtulo peque\u00f1o &#8211; H4<\/h4>\n<p>Ejemplo de p\u00e1rrafo destacado.<br \/>\nLorem ipsum dolor sit amet, consectetur adipiscing elit, sed do eiusmod tempor incididunt ut labore et dolore magna aliqua. Neque volutpat ac tincidunt vitae semper quis lectus. Amet tellus cras adipiscing enim eu turpis egestas pretium aenean. Mattis pellentesque id nibh tortor. Viverra mauris in aliquam sem. Diam sollicitudin tempor id eu nisl nunc. Scelerisque eleifend donec pretium vulputate sapien nec sagittis. Scelerisque in dictum non consectetur a.<\/p>\n<p>Ejemplo de p\u00e1rrafo body.<br \/>\nQuis enim lobortis scelerisque fermentum. Consequat mauris nunc congue nisi vitae suscipit. Nisl nunc mi ipsum faucibus. Id faucibus nisl tincidunt eget nullam non. Egestas fringilla phasellus faucibus scelerisque ejemplo de link. Dapibus ultrices in iaculis nunc sed augue lacus. Id nibh tortor id aliquet. Fusce id velit ut tortor pretium viverra suspendisse potenti nullam. Amet nisl purus in mollis. Adipiscing commodo elit at imperdiet dui accumsan sit amet. Ejemplo de destacado en el texto semper eget.<\/p>\n<p>Ejemplo de texto peque\u00f1o.<br \/>\nQuis enim lobortis scelerisque fermentum. Consequat mauris nunc congue nisi vitae suscipit. Nisl nunc mi ipsum faucibus. Id faucibus nisl tincidunt eget nullam non. Egestas fringilla scelerisque eleifend donec pretium. Dapibus ultrices in iaculis nunc sed augue lacus. Id nibh tortor id aliquet. Fusce id velit ut tortor pretium viverra suspendisse potenti nullam. Amet nisl purus in mollis. Adipiscing commodo elit at imperdiet dui accumsan sit amet. Orci a scelerisque purus semper eget.<\/p>\n<p>Ejemplo texto legal<br \/>\nLorem ipsum dolor sit amet, consectetur adipiscing elit, sed do eiusmod tempor incididunt ut labore et dolore magna aliqua. Neque volutpat ac tincidunt vitae semper quis lectus. Amet tellus cras adipiscing enim eu turpis egestas pretium aenean. Mattis pellentesque id nibh tortor. Viverra mauris in aliquam sem. Diam sollicitudin tempor id eu nisl nunc. Scelerisque eleifend donec pretium vulputate sapien nec sagittis. Scelerisque in dictum non consectetur a.<\/p>\n<p>Bot\u00f3n activo<\/p>\n<p>[\/vc_column_text][\/vc_column][\/vc_row][\/vc_section]<\/p>\n<\/div>","protected":false},"excerpt":{"rendered":"<p>[vc_section][vc_row][vc_column][vc_column_text] T\u00edtulo principal &#8211; H1 Subt\u00edtulo &#8211; H2 T\u00edtulo medio &#8211; H3 T\u00edtulo peque\u00f1o &#8211; H4 Ejemplo de p\u00e1rrafo destacado. Lorem ipsum dolor sit amet, consectetur adipiscing elit, sed do eiusmod tempor incididunt ut labore et dolore magna aliqua. Neque volutpat ac tincidunt vitae semper quis lectus. Amet tellus cras adipiscing enim eu turpis egestas [&#8230;]<\/p>\n<p><a class=\"btn btn-secondary understrap-read-more-link\" href=\"https:\/\/keraco.com\/es\/pagina-de-estilos-2\/\">Leer m\u00e1s&#8230;<span class=\"screen-reader-text\"> from P\u00e1gina de estilos<\/span><\/a><\/p>\n","protected":false},"author":1,"featured_media":0,"parent":0,"menu_order":0,"comment_status":"closed","ping_status":"closed","template":"","meta":{"_acf_changed":false,"_monsterinsights_skip_tracking":false,"_monsterinsights_sitenote_active":false,"_monsterinsights_sitenote_note":"","_monsterinsights_sitenote_category":0,"footnotes":""},"class_list":["post-58","page","type-page","status-publish","hentry"],"acf":[],"yoast_head":"<!-- This site is optimized with the Yoast SEO plugin v27.4 - https:\/\/yoast.com\/product\/yoast-seo-wordpress\/ -->\n<title>P\u00e1gina de estilos - Keraco<\/title>\n<meta name=\"robots\" content=\"index, follow, max-snippet:-1, max-image-preview:large, max-video-preview:-1\" \/>\n<link rel=\"canonical\" href=\"https:\/\/keraco.com\/pagina-de-estilos-2\/\" \/>\n<meta property=\"og:locale\" content=\"es_ES\" \/>\n<meta property=\"og:type\" content=\"article\" \/>\n<meta property=\"og:title\" content=\"P\u00e1gina de estilos - Keraco\" \/>\n<meta property=\"og:description\" content=\"[vc_section][vc_row][vc_column][vc_column_text] T\u00edtulo principal &#8211; H1 Subt\u00edtulo &#8211; H2 T\u00edtulo medio &#8211; H3 T\u00edtulo peque\u00f1o &#8211; H4 Ejemplo de p\u00e1rrafo destacado. Lorem ipsum dolor sit amet, consectetur adipiscing elit, sed do eiusmod tempor incididunt ut labore et dolore magna aliqua. Neque volutpat ac tincidunt vitae semper quis lectus. Amet tellus cras adipiscing enim eu turpis egestas [...]Leer m\u00e1s... from P\u00e1gina de estilos\" \/>\n<meta property=\"og:url\" content=\"https:\/\/keraco.com\/pagina-de-estilos-2\/\" \/>\n<meta property=\"og:site_name\" content=\"Keraco\" \/>\n<meta property=\"article:modified_time\" content=\"2019-11-08T11:25:04+00:00\" \/>\n<meta name=\"twitter:card\" content=\"summary_large_image\" \/>\n<meta name=\"twitter:label1\" content=\"Tiempo de lectura\" \/>\n\t<meta name=\"twitter:data1\" content=\"2 minutos\" \/>\n<script type=\"application\/ld+json\" class=\"yoast-schema-graph\">{\"@context\":\"https:\\\/\\\/schema.org\",\"@graph\":[{\"@type\":\"WebPage\",\"@id\":\"https:\\\/\\\/keraco.com\\\/pagina-de-estilos-2\\\/\",\"url\":\"https:\\\/\\\/keraco.com\\\/pagina-de-estilos-2\\\/\",\"name\":\"P\u00e1gina de estilos - Keraco\",\"isPartOf\":{\"@id\":\"https:\\\/\\\/keraco.com\\\/#website\"},\"datePublished\":\"2019-11-05T10:45:32+00:00\",\"dateModified\":\"2019-11-08T11:25:04+00:00\",\"breadcrumb\":{\"@id\":\"https:\\\/\\\/keraco.com\\\/pagina-de-estilos-2\\\/#breadcrumb\"},\"inLanguage\":\"es\",\"potentialAction\":[{\"@type\":\"ReadAction\",\"target\":[\"https:\\\/\\\/keraco.com\\\/pagina-de-estilos-2\\\/\"]}]},{\"@type\":\"BreadcrumbList\",\"@id\":\"https:\\\/\\\/keraco.com\\\/pagina-de-estilos-2\\\/#breadcrumb\",\"itemListElement\":[{\"@type\":\"ListItem\",\"position\":1,\"name\":\"Home\",\"item\":\"https:\\\/\\\/keraco.com\\\/pagina-principal\\\/\"},{\"@type\":\"ListItem\",\"position\":2,\"name\":\"P\u00e1gina de estilos\"}]},{\"@type\":\"WebSite\",\"@id\":\"https:\\\/\\\/keraco.com\\\/#website\",\"url\":\"https:\\\/\\\/keraco.com\\\/\",\"name\":\"Keraco\",\"description\":\"Technology &amp; Quality\",\"potentialAction\":[{\"@type\":\"SearchAction\",\"target\":{\"@type\":\"EntryPoint\",\"urlTemplate\":\"https:\\\/\\\/keraco.com\\\/?s={search_term_string}\"},\"query-input\":{\"@type\":\"PropertyValueSpecification\",\"valueRequired\":true,\"valueName\":\"search_term_string\"}}],\"inLanguage\":\"es\"}]}<\/script>\n<!-- \/ Yoast SEO plugin. -->","yoast_head_json":{"title":"P\u00e1gina de estilos - Keraco","robots":{"index":"index","follow":"follow","max-snippet":"max-snippet:-1","max-image-preview":"max-image-preview:large","max-video-preview":"max-video-preview:-1"},"canonical":"https:\/\/keraco.com\/pagina-de-estilos-2\/","og_locale":"es_ES","og_type":"article","og_title":"P\u00e1gina de estilos - Keraco","og_description":"[vc_section][vc_row][vc_column][vc_column_text] T\u00edtulo principal &#8211; H1 Subt\u00edtulo &#8211; H2 T\u00edtulo medio &#8211; H3 T\u00edtulo peque\u00f1o &#8211; H4 Ejemplo de p\u00e1rrafo destacado. Lorem ipsum dolor sit amet, consectetur adipiscing elit, sed do eiusmod tempor incididunt ut labore et dolore magna aliqua. Neque volutpat ac tincidunt vitae semper quis lectus. Amet tellus cras adipiscing enim eu turpis egestas [...]Leer m\u00e1s... from P\u00e1gina de estilos","og_url":"https:\/\/keraco.com\/pagina-de-estilos-2\/","og_site_name":"Keraco","article_modified_time":"2019-11-08T11:25:04+00:00","twitter_card":"summary_large_image","twitter_misc":{"Tiempo de lectura":"2 minutos"},"schema":{"@context":"https:\/\/schema.org","@graph":[{"@type":"WebPage","@id":"https:\/\/keraco.com\/pagina-de-estilos-2\/","url":"https:\/\/keraco.com\/pagina-de-estilos-2\/","name":"P\u00e1gina de estilos - Keraco","isPartOf":{"@id":"https:\/\/keraco.com\/#website"},"datePublished":"2019-11-05T10:45:32+00:00","dateModified":"2019-11-08T11:25:04+00:00","breadcrumb":{"@id":"https:\/\/keraco.com\/pagina-de-estilos-2\/#breadcrumb"},"inLanguage":"es","potentialAction":[{"@type":"ReadAction","target":["https:\/\/keraco.com\/pagina-de-estilos-2\/"]}]},{"@type":"BreadcrumbList","@id":"https:\/\/keraco.com\/pagina-de-estilos-2\/#breadcrumb","itemListElement":[{"@type":"ListItem","position":1,"name":"Home","item":"https:\/\/keraco.com\/pagina-principal\/"},{"@type":"ListItem","position":2,"name":"P\u00e1gina de estilos"}]},{"@type":"WebSite","@id":"https:\/\/keraco.com\/#website","url":"https:\/\/keraco.com\/","name":"Keraco","description":"Technology &amp; Quality","potentialAction":[{"@type":"SearchAction","target":{"@type":"EntryPoint","urlTemplate":"https:\/\/keraco.com\/?s={search_term_string}"},"query-input":{"@type":"PropertyValueSpecification","valueRequired":true,"valueName":"search_term_string"}}],"inLanguage":"es"}]}},"_links":{"self":[{"href":"https:\/\/keraco.com\/es\/wp-json\/wp\/v2\/pages\/58","targetHints":{"allow":["GET"]}}],"collection":[{"href":"https:\/\/keraco.com\/es\/wp-json\/wp\/v2\/pages"}],"about":[{"href":"https:\/\/keraco.com\/es\/wp-json\/wp\/v2\/types\/page"}],"author":[{"embeddable":true,"href":"https:\/\/keraco.com\/es\/wp-json\/wp\/v2\/users\/1"}],"replies":[{"embeddable":true,"href":"https:\/\/keraco.com\/es\/wp-json\/wp\/v2\/comments?post=58"}],"version-history":[{"count":0,"href":"https:\/\/keraco.com\/es\/wp-json\/wp\/v2\/pages\/58\/revisions"}],"wp:attachment":[{"href":"https:\/\/keraco.com\/es\/wp-json\/wp\/v2\/media?parent=58"}],"curies":[{"name":"wp","href":"https:\/\/api.w.org\/{rel}","templated":true}]}}