{"id":3,"date":"2019-10-29T12:25:28","date_gmt":"2019-10-29T11:25:28","guid":{"rendered":"http:\/\/www.keraco.com\/?page_id=3"},"modified":"2019-11-12T16:32:39","modified_gmt":"2019-11-12T15:32:39","slug":"politica-privacidad","status":"publish","type":"page","link":"https:\/\/keraco.com\/es\/politica-privacidad\/","title":{"rendered":"Pol\u00edtica de privacidad"},"content":{"rendered":"<div class=\"wpb-content-wrapper\"><p>[vc_row][vc_column][vc_column_text]<\/p>\n<p class=\"text-small\">KERACO S.A.<\/p>\n<p class=\"text-small\">Crta N-1223 Km 8,5<br \/>\n22130 Peralta de Alcofea, Huesca<br \/>\nEspa\u00f1a<br \/>\nTel: +34 974 300 732<br \/>\nFax: +34 974 300 746<\/p>\n<p class=\"text-small\">INSCRITA REGISTRO MERCANTIL DE BARCELONA, HOJA 5457, FOLIO 0032, TOMO 20359, Secci\u00f3n General, INSCRIPCI\u00d3N 1\u00aa.<\/p>\n<p class=\"text-small\">CIF: A-59416792<\/p>\n<p class=\"text-small\">info@keraco.com<\/p>\n<p>&nbsp;<\/p>\n<h3>I. CONDICIONES DE ACCESO Y UTILIZACI\u00d3N DEL PORTAL<\/h3>\n<p>Este sitio Web le es ofrecido a condici\u00f3n de que usted acepte \u00edntegramente los t\u00e9rminos, condiciones y comunicaciones contenidos en el presente aviso legal. El hecho de que usted use este sitio Web constituye por s\u00ed s\u00f3lo la aceptaci\u00f3n de los mismos. El usuario se compromete a utilizar el portal y los servicios de conformidad con la ley, el presente aviso legal, y las buenas costumbres generalmente aceptadas y el orden p\u00fablico. Este sitio Web es para la informaci\u00f3n y prestaci\u00f3n de servicios para el usuario, no estando el mismo autorizado a modificar, copiar, distribuir, transmitir, divulgar, utilizar, reproducir, publicar, licenciar, ceder, vender o crear trabajos derivados del mismo sin previa autorizaci\u00f3n. El uso de este sitio Web con fines ilegales o no autorizados por los presentes t\u00e9rminos, condiciones y\/o comunicaciones est\u00e1 terminantemente prohibido.<\/p>\n<p>&nbsp;<\/p>\n<h3>II. CONEXIONES CON SITIOS DE TERCEROS<\/h3>\n<p>La instalaci\u00f3n de enlaces que permitan acceder a sitios web gestionados por terceros tiene por \u00fanico objeto facilitar a los usuarios el acceso a informaci\u00f3n, contenidos y servicios disponibles en Internet. Nos es imposible asumir responsabilidad alguna por la informaci\u00f3n contenida en las p\u00e1ginas web de terceros a las que se pueda acceder por enlaces, ante la imposibilidad material de un control exhaustivo. Sin embargo, nos comprometemos a retirar enlaces en caso de tener conocimiento de la existencia de contenidos il\u00edcitos o que lesionen derechos de terceros. En caso de tener conocimiento propio o de recibir una comunicaci\u00f3n en este aspecto procederemos a su inmediata retirada.<\/p>\n<p>&nbsp;<\/p>\n<h3>III. CONTENIDO<\/h3>\n<p>La informaci\u00f3n, los productos o servicios contenidos en este sitio Web pueden contener errores tipogr\u00e1ficos, imprecisiones e inexactitudes de los que nos responsabilizamos, salvo en caso de enlaces a terceros.<\/p>\n<p>&nbsp;<\/p>\n<h3>IV. POL\u00cdTICA DE PRIVACIDAD<\/h3>\n<p>KERACO S.A., cumple con la normativa legal vigente, establecida en la Ley Org\u00e1nica 15\/1999, de 13 de diciembre, de Protecci\u00f3n de Datos de Car\u00e1cter Personal (B.O.E. 14\/12\/1999) y el Real Decreto 1720\/2007, de 21 de diciembre, por el que se aprueba el Reglamento de desarrollo de la Ley Org\u00e1nica 15\/1999, de 13 de diciembre, de protecci\u00f3n de datos de car\u00e1cter personal.<\/p>\n<p>a) Titularidad del fichero<br \/>\nKERACO S.A. , con CIF: A-59416792 con sede en la Crta N-1223 Km 8,5 22130 Peralta de Alcofea, Huesca, Espa\u00f1a es la sociedad titular de los ficheros a los cuales se incorporan Datos de Car\u00e1cter Personal, as\u00ed como la responsable del tratamiento de los mismos.<\/p>\n<p>b) Calidad de los datos<br \/>\nLos datos de car\u00e1cter personal recogidos, adem\u00e1s de ser los cedidos expresamente por el usuario, son los adecuados y pertinentes y estrictamente necesarios para el fin con el que son recabados. En caso contrario se proceder\u00e1 a su eliminaci\u00f3n y comunicaci\u00f3n. Se garantiza en la medida de lo posible, las medidas t\u00e9cnicas y organizativas necesarias para la seguridad e integridad de los datos personales que contiene.<\/p>\n<p>c) Finalidad de los datos<br \/>\nLa recogida y tratamiento automatizado de los Datos Personales tiene como finalidad la prestaci\u00f3n de informaci\u00f3n y env\u00edo de comunicaciones comerciales, siempre y cuando el usuario exprese su deseo de recibirlas.<\/p>\n<p>d) Informaci\u00f3n y consentimiento del afectado<br \/>\nLos datos recogidos son los expresamente cedidos por el usuario.<\/p>\n<p>e) Derecho de informaci\u00f3n, rectificaci\u00f3n, cancelaci\u00f3n y oposici\u00f3n de datos.<br \/>\nLos derechos de acceso, rectificaci\u00f3n, cancelaci\u00f3n y oposici\u00f3n de sus datos podr\u00e1n ser ejercidos en la direcci\u00f3n de KERACO S.A. recogida en la parte superior e inferior de la Nota legal.<\/p>\n<p>&nbsp;<\/p>\n<h3>V. DERECHOS DE PROPIEDAD INTELECTUAL<\/h3>\n<p>KERACO S.A. es titular de los derechos de propiedad industrial derivados de los elementos que integran su p\u00e1gina web o dispone de la correspondiente autorizaci\u00f3n para su utilizaci\u00f3n. Algunos de los iconos de esta web han sido dise\u00f1ados y distribuidos por Go Scuared Ltd. La web incluye iconos y marcas registradas de redes sociales: (Facebook y Flickr, Youtube\u2026) que funcionan como enlaces a sus sitios web.<\/p>\n<p>&nbsp;<\/p>\n<h3>VI. MODIFICACI\u00d3N DE T\u00c9RMINOS Y CONDICIONES<\/h3>\n<p>KERACO S.A., se reserva el derecho a modificar los t\u00e9rminos, condiciones y comunicaciones, siempre dentro del marco legal vigente, en base a los cuales se ofrece este sitio Web.<\/p>\n<p>&nbsp;<\/p>\n<h3>VII. LEGISLACI\u00d3N Y JURISDICCI\u00d3N APLICABLES<\/h3>\n<p>Con car\u00e1cter general, las relaciones que se deriven de la prestaci\u00f3n de los servicios contenidos en el portal, est\u00e1n sometidas a la legislaci\u00f3n y la jurisdicci\u00f3n espa\u00f1ola. Para cualquier duda o pregunta no duden en ponerse en contacto con nosotros.<\/p>\n<p>&nbsp;<\/p>\n<p>&nbsp;<\/p>\n<p class=\"text-small\">KERACO S.A.<\/p>\n<p class=\"text-small\">Crta N-1223 Km 8,5<br \/>\n22130 Peralta de Alcofea, Huesca<br \/>\nEspa\u00f1a<br \/>\nTel: +34 974 300 732<br \/>\nFax: +34 974 300 746<\/p>\n<p class=\"text-small\">INSCRITA REGISTRO MERCANTIL DE BARCELONA, HOJA 5457, FOLIO 0032, TOMO 20359, Secci\u00f3n General, INSCRIPCI\u00d3N 1\u00aa.<\/p>\n<p class=\"text-small\">CIF: A-59416792<\/p>\n<p class=\"text-small\">info@keraco.com<\/p>\n<p>&nbsp;<\/p>\n<p>[\/vc_column_text][\/vc_column][\/vc_row]<\/p>\n<\/div>","protected":false},"excerpt":{"rendered":"<p>[vc_row][vc_column][vc_column_text] KERACO S.A. Crta N-1223 Km 8,5 22130 Peralta de Alcofea, Huesca Espa\u00f1a Tel: +34 974 300 732 Fax: +34 974 300 746 INSCRITA REGISTRO MERCANTIL DE BARCELONA, HOJA 5457, FOLIO 0032, TOMO 20359, Secci\u00f3n General, INSCRIPCI\u00d3N 1\u00aa. CIF: A-59416792 info@keraco.com &nbsp; I. CONDICIONES DE ACCESO Y UTILIZACI\u00d3N DEL PORTAL Este sitio Web le es [&#8230;]<\/p>\n<p><a class=\"btn btn-secondary understrap-read-more-link\" href=\"https:\/\/keraco.com\/es\/politica-privacidad\/\">Leer m\u00e1s&#8230;<span class=\"screen-reader-text\"> from Pol\u00edtica de privacidad<\/span><\/a><\/p>\n","protected":false},"author":1,"featured_media":0,"parent":0,"menu_order":0,"comment_status":"closed","ping_status":"open","template":"","meta":{"_acf_changed":false,"_monsterinsights_skip_tracking":false,"_monsterinsights_sitenote_active":false,"_monsterinsights_sitenote_note":"","_monsterinsights_sitenote_category":0,"footnotes":""},"class_list":["post-3","page","type-page","status-publish","hentry"],"acf":[],"yoast_head":"<!-- This site is optimized with the Yoast SEO plugin v27.4 - https:\/\/yoast.com\/product\/yoast-seo-wordpress\/ -->\n<title>Pol\u00edtica de privacidad - Keraco<\/title>\n<meta name=\"robots\" content=\"index, follow, max-snippet:-1, max-image-preview:large, max-video-preview:-1\" \/>\n<link rel=\"canonical\" href=\"https:\/\/keraco.com\/politica-privacidad\/\" \/>\n<meta property=\"og:locale\" content=\"es_ES\" \/>\n<meta property=\"og:type\" content=\"article\" \/>\n<meta property=\"og:title\" content=\"Pol\u00edtica de privacidad - Keraco\" \/>\n<meta property=\"og:description\" content=\"[vc_row][vc_column][vc_column_text] KERACO S.A. Crta N-1223 Km 8,5 22130 Peralta de Alcofea, Huesca Espa\u00f1a Tel: +34 974 300 732 Fax: +34 974 300 746 INSCRITA REGISTRO MERCANTIL DE BARCELONA, HOJA 5457, FOLIO 0032, TOMO 20359, Secci\u00f3n General, INSCRIPCI\u00d3N 1\u00aa. CIF: A-59416792 info@keraco.com &nbsp; I. CONDICIONES DE ACCESO Y UTILIZACI\u00d3N DEL PORTAL Este sitio Web le es [...]Leer m\u00e1s... from Pol\u00edtica de privacidad\" \/>\n<meta property=\"og:url\" content=\"https:\/\/keraco.com\/politica-privacidad\/\" \/>\n<meta property=\"og:site_name\" content=\"Keraco\" \/>\n<meta property=\"article:modified_time\" content=\"2019-11-12T15:32:39+00:00\" \/>\n<meta name=\"twitter:card\" content=\"summary_large_image\" \/>\n<meta name=\"twitter:label1\" content=\"Tiempo de lectura\" \/>\n\t<meta name=\"twitter:data1\" content=\"4 minutos\" \/>\n<script type=\"application\/ld+json\" class=\"yoast-schema-graph\">{\"@context\":\"https:\\\/\\\/schema.org\",\"@graph\":[{\"@type\":\"WebPage\",\"@id\":\"https:\\\/\\\/keraco.com\\\/politica-privacidad\\\/\",\"url\":\"https:\\\/\\\/keraco.com\\\/politica-privacidad\\\/\",\"name\":\"Pol\u00edtica de privacidad - Keraco\",\"isPartOf\":{\"@id\":\"https:\\\/\\\/keraco.com\\\/#website\"},\"datePublished\":\"2019-10-29T11:25:28+00:00\",\"dateModified\":\"2019-11-12T15:32:39+00:00\",\"breadcrumb\":{\"@id\":\"https:\\\/\\\/keraco.com\\\/politica-privacidad\\\/#breadcrumb\"},\"inLanguage\":\"es\",\"potentialAction\":[{\"@type\":\"ReadAction\",\"target\":[\"https:\\\/\\\/keraco.com\\\/politica-privacidad\\\/\"]}]},{\"@type\":\"BreadcrumbList\",\"@id\":\"https:\\\/\\\/keraco.com\\\/politica-privacidad\\\/#breadcrumb\",\"itemListElement\":[{\"@type\":\"ListItem\",\"position\":1,\"name\":\"Home\",\"item\":\"https:\\\/\\\/keraco.com\\\/pagina-principal\\\/\"},{\"@type\":\"ListItem\",\"position\":2,\"name\":\"Pol\u00edtica de privacidad\"}]},{\"@type\":\"WebSite\",\"@id\":\"https:\\\/\\\/keraco.com\\\/#website\",\"url\":\"https:\\\/\\\/keraco.com\\\/\",\"name\":\"Keraco\",\"description\":\"Technology &amp; Quality\",\"potentialAction\":[{\"@type\":\"SearchAction\",\"target\":{\"@type\":\"EntryPoint\",\"urlTemplate\":\"https:\\\/\\\/keraco.com\\\/?s={search_term_string}\"},\"query-input\":{\"@type\":\"PropertyValueSpecification\",\"valueRequired\":true,\"valueName\":\"search_term_string\"}}],\"inLanguage\":\"es\"}]}<\/script>\n<!-- \/ Yoast SEO plugin. -->","yoast_head_json":{"title":"Pol\u00edtica de privacidad - Keraco","robots":{"index":"index","follow":"follow","max-snippet":"max-snippet:-1","max-image-preview":"max-image-preview:large","max-video-preview":"max-video-preview:-1"},"canonical":"https:\/\/keraco.com\/politica-privacidad\/","og_locale":"es_ES","og_type":"article","og_title":"Pol\u00edtica de privacidad - Keraco","og_description":"[vc_row][vc_column][vc_column_text] KERACO S.A. Crta N-1223 Km 8,5 22130 Peralta de Alcofea, Huesca Espa\u00f1a Tel: +34 974 300 732 Fax: +34 974 300 746 INSCRITA REGISTRO MERCANTIL DE BARCELONA, HOJA 5457, FOLIO 0032, TOMO 20359, Secci\u00f3n General, INSCRIPCI\u00d3N 1\u00aa. CIF: A-59416792 info@keraco.com &nbsp; I. CONDICIONES DE ACCESO Y UTILIZACI\u00d3N DEL PORTAL Este sitio Web le es [...]Leer m\u00e1s... from Pol\u00edtica de privacidad","og_url":"https:\/\/keraco.com\/politica-privacidad\/","og_site_name":"Keraco","article_modified_time":"2019-11-12T15:32:39+00:00","twitter_card":"summary_large_image","twitter_misc":{"Tiempo de lectura":"4 minutos"},"schema":{"@context":"https:\/\/schema.org","@graph":[{"@type":"WebPage","@id":"https:\/\/keraco.com\/politica-privacidad\/","url":"https:\/\/keraco.com\/politica-privacidad\/","name":"Pol\u00edtica de privacidad - Keraco","isPartOf":{"@id":"https:\/\/keraco.com\/#website"},"datePublished":"2019-10-29T11:25:28+00:00","dateModified":"2019-11-12T15:32:39+00:00","breadcrumb":{"@id":"https:\/\/keraco.com\/politica-privacidad\/#breadcrumb"},"inLanguage":"es","potentialAction":[{"@type":"ReadAction","target":["https:\/\/keraco.com\/politica-privacidad\/"]}]},{"@type":"BreadcrumbList","@id":"https:\/\/keraco.com\/politica-privacidad\/#breadcrumb","itemListElement":[{"@type":"ListItem","position":1,"name":"Home","item":"https:\/\/keraco.com\/pagina-principal\/"},{"@type":"ListItem","position":2,"name":"Pol\u00edtica de privacidad"}]},{"@type":"WebSite","@id":"https:\/\/keraco.com\/#website","url":"https:\/\/keraco.com\/","name":"Keraco","description":"Technology &amp; Quality","potentialAction":[{"@type":"SearchAction","target":{"@type":"EntryPoint","urlTemplate":"https:\/\/keraco.com\/?s={search_term_string}"},"query-input":{"@type":"PropertyValueSpecification","valueRequired":true,"valueName":"search_term_string"}}],"inLanguage":"es"}]}},"_links":{"self":[{"href":"https:\/\/keraco.com\/es\/wp-json\/wp\/v2\/pages\/3","targetHints":{"allow":["GET"]}}],"collection":[{"href":"https:\/\/keraco.com\/es\/wp-json\/wp\/v2\/pages"}],"about":[{"href":"https:\/\/keraco.com\/es\/wp-json\/wp\/v2\/types\/page"}],"author":[{"embeddable":true,"href":"https:\/\/keraco.com\/es\/wp-json\/wp\/v2\/users\/1"}],"replies":[{"embeddable":true,"href":"https:\/\/keraco.com\/es\/wp-json\/wp\/v2\/comments?post=3"}],"version-history":[{"count":0,"href":"https:\/\/keraco.com\/es\/wp-json\/wp\/v2\/pages\/3\/revisions"}],"wp:attachment":[{"href":"https:\/\/keraco.com\/es\/wp-json\/wp\/v2\/media?parent=3"}],"curies":[{"name":"wp","href":"https:\/\/api.w.org\/{rel}","templated":true}]}}