{"id":264,"date":"2019-11-08T12:35:28","date_gmt":"2019-11-08T11:35:28","guid":{"rendered":"http:\/\/www.keraco.com\/?page_id=264"},"modified":"2019-11-15T13:28:15","modified_gmt":"2019-11-15T12:28:15","slug":"ceramica-tecnica-por-extrusion","status":"publish","type":"page","link":"https:\/\/keraco.com\/es\/ceramica-tecnica-por-extrusion\/","title":{"rendered":"Cer\u00e1mica t\u00e9cnica por extrusi\u00f3n"},"content":{"rendered":"<div class=\"wpb-content-wrapper\"><p>[vc_section][vc_row full_width=\u00bbstretch_row_content_no_spaces\u00bb][vc_column]  <article>\n    <div class=\"vc_image_text--container\">\n      <div class=\"cont--imagefull\">\n        <div class=\"cont-imagefull-mobile\">\n          <img loading=\"lazy\" decoding=\"async\" width=\"675\" height=\"915\" src=\"https:\/\/keraco.com\/wp-content\/uploads\/2019\/11\/img-accesos-home-03.jpg\" class=\"attachment-full size-full\" alt=\"\" srcset=\"https:\/\/keraco.com\/wp-content\/uploads\/2019\/11\/img-accesos-home-03.jpg 675w, https:\/\/keraco.com\/wp-content\/uploads\/2019\/11\/img-accesos-home-03-221x300.jpg 221w\" sizes=\"auto, (max-width: 675px) 100vw, 675px\" \/>        <\/div>\n      <\/div>\n      <div class=\"cont--text-image\">\n        <div class=\"cont--text\">\n          <div class=\"cont--text--inner\">\n            <div class=\"cont--text-body\"><\/p>\n<h1>Cer\u00e1mica t\u00e9cnica por extrusi\u00f3n<\/h1>\n<p>El campo de la cer\u00e1mica t\u00e9cnica ha sido uno de nuestros principales \u00e1mbitos de desarrollo en proyectos de I+D.<\/p>\n<p>Este tipo de cer\u00e1mica, tambi\u00e9n conocida como avanzada o de ingenier\u00eda, re\u00fane una serie de ventajas como la alta resistencia a la corrosi\u00f3n, erosi\u00f3n y desgaste, el aislamiento y resistencia al choque t\u00e9rmico, el aislamiento el\u00e9ctrico y la alta resistencia a las altas temperaturas.<\/p>\n<p>Nuestros productos fabricados en cer\u00e1mica t\u00e9cnica por extrusi\u00f3n est\u00e1n presentes en los siguientes sectores:<\/p>\n<ul>\n<li>Protecci\u00f3n el\u00e9ctrica de alta tensi\u00f3n: fusibles NH, CV<\/li>\n<li>Protecci\u00f3n el\u00e9ctrica de baja tensi\u00f3n: fusibles cil\u00edndricos<\/li>\n<li>Cuerpos s\u00f3lidos<\/li>\n<li>Cuerpos perfilados<\/li>\n<li>Tubos de estrella<\/li>\n<\/ul>\n<p><\/div>\n          <\/div>\n        <\/div>\n        <div class=\"cont-imagefull-desktop\">\n          <img loading=\"lazy\" decoding=\"async\" width=\"675\" height=\"915\" src=\"https:\/\/keraco.com\/wp-content\/uploads\/2019\/11\/img-accesos-home-03.jpg\" class=\"attachment-full size-full\" alt=\"\" srcset=\"https:\/\/keraco.com\/wp-content\/uploads\/2019\/11\/img-accesos-home-03.jpg 675w, https:\/\/keraco.com\/wp-content\/uploads\/2019\/11\/img-accesos-home-03-221x300.jpg 221w\" sizes=\"auto, (max-width: 675px) 100vw, 675px\" \/>        <\/div>\n      <\/div>\n    <\/div>\n  <\/article>\n\n[\/vc_column][\/vc_row][\/vc_section][vc_section][vc_row][vc_column]\n<div class=\"slider-scroll-container slider-scroll-container-content\"> \n    \n      <div class=\"slider-scroll-content scroll-lateral\">\n          \n          \n              <div class=\"item panel color-text-white color-logo-white color-menu_prinicipal-white color-menu_idioma-white\">                         \n                                                    \n                  <div class=\"cont__img d-none d-md-block\">\n                      <img loading=\"lazy\" decoding=\"async\" width=\"1620\" height=\"1080\" src=\"https:\/\/keraco.com\/wp-content\/uploads\/2019\/11\/img-slide-ceramica-termica-01.jpg\" class=\"attachment-full size-full wp-post-image\" alt=\"\" srcset=\"https:\/\/keraco.com\/wp-content\/uploads\/2019\/11\/img-slide-ceramica-termica-01.jpg 1620w, https:\/\/keraco.com\/wp-content\/uploads\/2019\/11\/img-slide-ceramica-termica-01-300x200.jpg 300w, https:\/\/keraco.com\/wp-content\/uploads\/2019\/11\/img-slide-ceramica-termica-01-768x512.jpg 768w, https:\/\/keraco.com\/wp-content\/uploads\/2019\/11\/img-slide-ceramica-termica-01-1024x683.jpg 1024w\" sizes=\"auto, (max-width: 1620px) 100vw, 1620px\" \/> \n                  <\/div>\n\n                   \n              <\/div>\n\n          \n          \n              <div class=\"item panel color-text-white color-logo-white color-menu_prinicipal-white color-menu_idioma-white\">                         \n                                                    \n                  <div class=\"cont__img d-none d-md-block\">\n                      <img loading=\"lazy\" decoding=\"async\" width=\"1620\" height=\"1080\" src=\"https:\/\/keraco.com\/wp-content\/uploads\/2019\/11\/img-slide-ceramica-termica-02.jpg\" class=\"attachment-full size-full wp-post-image\" alt=\"\" srcset=\"https:\/\/keraco.com\/wp-content\/uploads\/2019\/11\/img-slide-ceramica-termica-02.jpg 1620w, https:\/\/keraco.com\/wp-content\/uploads\/2019\/11\/img-slide-ceramica-termica-02-300x200.jpg 300w, https:\/\/keraco.com\/wp-content\/uploads\/2019\/11\/img-slide-ceramica-termica-02-768x512.jpg 768w, https:\/\/keraco.com\/wp-content\/uploads\/2019\/11\/img-slide-ceramica-termica-02-1024x683.jpg 1024w\" sizes=\"auto, (max-width: 1620px) 100vw, 1620px\" \/> \n                  <\/div>\n\n                                            <div class=\"cont__img_mobile d-block d-md-none\">\n                              <img loading=\"lazy\" decoding=\"async\" width=\"1620\" height=\"1080\" src=\"https:\/\/keraco.com\/wp-content\/uploads\/2019\/11\/img-slide-ceramica-termica-02.jpg\" class=\"attachment-full size-full\" alt=\"\" srcset=\"https:\/\/keraco.com\/wp-content\/uploads\/2019\/11\/img-slide-ceramica-termica-02.jpg 1620w, https:\/\/keraco.com\/wp-content\/uploads\/2019\/11\/img-slide-ceramica-termica-02-300x200.jpg 300w, https:\/\/keraco.com\/wp-content\/uploads\/2019\/11\/img-slide-ceramica-termica-02-768x512.jpg 768w, https:\/\/keraco.com\/wp-content\/uploads\/2019\/11\/img-slide-ceramica-termica-02-1024x683.jpg 1024w\" sizes=\"auto, (max-width: 1620px) 100vw, 1620px\" \/>                          <\/div>   \n                       \n              <\/div>\n\n          \n          \n              <div class=\"item panel color-text-white color-logo-white color-menu_prinicipal-white color-menu_idioma-white\">                         \n                                                    \n                  <div class=\"cont__img d-none d-md-block\">\n                      <img loading=\"lazy\" decoding=\"async\" width=\"1620\" height=\"1080\" src=\"https:\/\/keraco.com\/wp-content\/uploads\/2019\/11\/img-slide-ceramica-termica-04.jpg\" class=\"attachment-full size-full wp-post-image\" alt=\"\" srcset=\"https:\/\/keraco.com\/wp-content\/uploads\/2019\/11\/img-slide-ceramica-termica-04.jpg 1620w, https:\/\/keraco.com\/wp-content\/uploads\/2019\/11\/img-slide-ceramica-termica-04-300x200.jpg 300w, https:\/\/keraco.com\/wp-content\/uploads\/2019\/11\/img-slide-ceramica-termica-04-768x512.jpg 768w, https:\/\/keraco.com\/wp-content\/uploads\/2019\/11\/img-slide-ceramica-termica-04-1024x683.jpg 1024w\" sizes=\"auto, (max-width: 1620px) 100vw, 1620px\" \/> \n                  <\/div>\n\n                                            <div class=\"cont__img_mobile d-block d-md-none\">\n                              <img loading=\"lazy\" decoding=\"async\" width=\"1620\" height=\"1080\" src=\"https:\/\/keraco.com\/wp-content\/uploads\/2019\/11\/img-slide-ceramica-termica-04.jpg\" class=\"attachment-full size-full\" alt=\"\" srcset=\"https:\/\/keraco.com\/wp-content\/uploads\/2019\/11\/img-slide-ceramica-termica-04.jpg 1620w, https:\/\/keraco.com\/wp-content\/uploads\/2019\/11\/img-slide-ceramica-termica-04-300x200.jpg 300w, https:\/\/keraco.com\/wp-content\/uploads\/2019\/11\/img-slide-ceramica-termica-04-768x512.jpg 768w, https:\/\/keraco.com\/wp-content\/uploads\/2019\/11\/img-slide-ceramica-termica-04-1024x683.jpg 1024w\" sizes=\"auto, (max-width: 1620px) 100vw, 1620px\" \/>                          <\/div>   \n                       \n              <\/div>\n\n          \n          \n              <div class=\"item panel color-text-white color-logo-white color-menu_prinicipal-white color-menu_idioma-white\">                         \n                                                    \n                  <div class=\"cont__img d-none d-md-block\">\n                      <img loading=\"lazy\" decoding=\"async\" width=\"1620\" height=\"1080\" src=\"https:\/\/keraco.com\/wp-content\/uploads\/2019\/11\/img-slide-ceramica-termica-05.jpg\" class=\"attachment-full size-full wp-post-image\" alt=\"\" srcset=\"https:\/\/keraco.com\/wp-content\/uploads\/2019\/11\/img-slide-ceramica-termica-05.jpg 1620w, https:\/\/keraco.com\/wp-content\/uploads\/2019\/11\/img-slide-ceramica-termica-05-300x200.jpg 300w, https:\/\/keraco.com\/wp-content\/uploads\/2019\/11\/img-slide-ceramica-termica-05-768x512.jpg 768w, https:\/\/keraco.com\/wp-content\/uploads\/2019\/11\/img-slide-ceramica-termica-05-1024x683.jpg 1024w\" sizes=\"auto, (max-width: 1620px) 100vw, 1620px\" \/> \n                  <\/div>\n\n                                            <div class=\"cont__img_mobile d-block d-md-none\">\n                              <img loading=\"lazy\" decoding=\"async\" width=\"1620\" height=\"1080\" src=\"https:\/\/keraco.com\/wp-content\/uploads\/2019\/11\/img-slide-ceramica-termica-05.jpg\" class=\"attachment-full size-full\" alt=\"\" srcset=\"https:\/\/keraco.com\/wp-content\/uploads\/2019\/11\/img-slide-ceramica-termica-05.jpg 1620w, https:\/\/keraco.com\/wp-content\/uploads\/2019\/11\/img-slide-ceramica-termica-05-300x200.jpg 300w, https:\/\/keraco.com\/wp-content\/uploads\/2019\/11\/img-slide-ceramica-termica-05-768x512.jpg 768w, https:\/\/keraco.com\/wp-content\/uploads\/2019\/11\/img-slide-ceramica-termica-05-1024x683.jpg 1024w\" sizes=\"auto, (max-width: 1620px) 100vw, 1620px\" \/>                          <\/div>   \n                       \n              <\/div>\n\n          \n          \n      <\/div>\n      <div class=\"cont--link--item\"><\/div>\n<\/div>\n\n[\/vc_column][\/vc_row][\/vc_section]<\/p>\n<\/div>","protected":false},"excerpt":{"rendered":"<p>[vc_section][vc_row full_width=\u00bbstretch_row_content_no_spaces\u00bb][vc_column][\/vc_column][\/vc_row][\/vc_section][vc_section][vc_row][vc_column][\/vc_column][\/vc_row][\/vc_section] [&#8230;]<\/p>\n<p><a class=\"btn btn-secondary understrap-read-more-link\" href=\"https:\/\/keraco.com\/es\/ceramica-tecnica-por-extrusion\/\">Leer m\u00e1s&#8230;<span class=\"screen-reader-text\"> from Cer\u00e1mica t\u00e9cnica por extrusi\u00f3n<\/span><\/a><\/p>\n","protected":false},"author":1,"featured_media":0,"parent":0,"menu_order":0,"comment_status":"closed","ping_status":"closed","template":"page-templates\/page-light-and-dark.php","meta":{"_acf_changed":false,"_monsterinsights_skip_tracking":false,"_monsterinsights_sitenote_active":false,"_monsterinsights_sitenote_note":"","_monsterinsights_sitenote_category":0,"footnotes":""},"class_list":["post-264","page","type-page","status-publish","hentry"],"acf":[],"yoast_head":"<!-- This site is optimized with the Yoast SEO plugin v27.4 - https:\/\/yoast.com\/product\/yoast-seo-wordpress\/ -->\n<title>Cer\u00e1mica t\u00e9cnica por extrusi\u00f3n - Keraco<\/title>\n<meta name=\"robots\" content=\"index, follow, max-snippet:-1, max-image-preview:large, max-video-preview:-1\" \/>\n<link rel=\"canonical\" href=\"https:\/\/keraco.com\/ceramica-tecnica-por-extrusion\/\" \/>\n<meta property=\"og:locale\" content=\"es_ES\" \/>\n<meta property=\"og:type\" content=\"article\" \/>\n<meta property=\"og:title\" content=\"Cer\u00e1mica t\u00e9cnica por extrusi\u00f3n - Keraco\" \/>\n<meta property=\"og:description\" content=\"[vc_section][vc_row full_width=\u00bbstretch_row_content_no_spaces\u00bb][vc_column][\/vc_column][\/vc_row][\/vc_section][vc_section][vc_row][vc_column][\/vc_column][\/vc_row][\/vc_section] [...]Leer m\u00e1s... from Cer\u00e1mica t\u00e9cnica por extrusi\u00f3n\" \/>\n<meta property=\"og:url\" content=\"https:\/\/keraco.com\/ceramica-tecnica-por-extrusion\/\" \/>\n<meta property=\"og:site_name\" content=\"Keraco\" \/>\n<meta property=\"article:modified_time\" content=\"2019-11-15T12:28:15+00:00\" \/>\n<meta name=\"twitter:card\" content=\"summary_large_image\" \/>\n<meta name=\"twitter:label1\" content=\"Tiempo de lectura\" \/>\n\t<meta name=\"twitter:data1\" content=\"1 minuto\" \/>\n<script type=\"application\/ld+json\" class=\"yoast-schema-graph\">{\"@context\":\"https:\\\/\\\/schema.org\",\"@graph\":[{\"@type\":\"WebPage\",\"@id\":\"https:\\\/\\\/keraco.com\\\/ceramica-tecnica-por-extrusion\\\/\",\"url\":\"https:\\\/\\\/keraco.com\\\/ceramica-tecnica-por-extrusion\\\/\",\"name\":\"Cer\u00e1mica t\u00e9cnica por extrusi\u00f3n - Keraco\",\"isPartOf\":{\"@id\":\"https:\\\/\\\/keraco.com\\\/#website\"},\"datePublished\":\"2019-11-08T11:35:28+00:00\",\"dateModified\":\"2019-11-15T12:28:15+00:00\",\"breadcrumb\":{\"@id\":\"https:\\\/\\\/keraco.com\\\/ceramica-tecnica-por-extrusion\\\/#breadcrumb\"},\"inLanguage\":\"es\",\"potentialAction\":[{\"@type\":\"ReadAction\",\"target\":[\"https:\\\/\\\/keraco.com\\\/ceramica-tecnica-por-extrusion\\\/\"]}]},{\"@type\":\"BreadcrumbList\",\"@id\":\"https:\\\/\\\/keraco.com\\\/ceramica-tecnica-por-extrusion\\\/#breadcrumb\",\"itemListElement\":[{\"@type\":\"ListItem\",\"position\":1,\"name\":\"Home\",\"item\":\"https:\\\/\\\/keraco.com\\\/pagina-principal\\\/\"},{\"@type\":\"ListItem\",\"position\":2,\"name\":\"Cer\u00e1mica t\u00e9cnica por extrusi\u00f3n\"}]},{\"@type\":\"WebSite\",\"@id\":\"https:\\\/\\\/keraco.com\\\/#website\",\"url\":\"https:\\\/\\\/keraco.com\\\/\",\"name\":\"Keraco\",\"description\":\"Technology &amp; Quality\",\"potentialAction\":[{\"@type\":\"SearchAction\",\"target\":{\"@type\":\"EntryPoint\",\"urlTemplate\":\"https:\\\/\\\/keraco.com\\\/?s={search_term_string}\"},\"query-input\":{\"@type\":\"PropertyValueSpecification\",\"valueRequired\":true,\"valueName\":\"search_term_string\"}}],\"inLanguage\":\"es\"}]}<\/script>\n<!-- \/ Yoast SEO plugin. -->","yoast_head_json":{"title":"Cer\u00e1mica t\u00e9cnica por extrusi\u00f3n - Keraco","robots":{"index":"index","follow":"follow","max-snippet":"max-snippet:-1","max-image-preview":"max-image-preview:large","max-video-preview":"max-video-preview:-1"},"canonical":"https:\/\/keraco.com\/ceramica-tecnica-por-extrusion\/","og_locale":"es_ES","og_type":"article","og_title":"Cer\u00e1mica t\u00e9cnica por extrusi\u00f3n - Keraco","og_description":"[vc_section][vc_row full_width=\u00bbstretch_row_content_no_spaces\u00bb][vc_column][\/vc_column][\/vc_row][\/vc_section][vc_section][vc_row][vc_column][\/vc_column][\/vc_row][\/vc_section] [...]Leer m\u00e1s... from Cer\u00e1mica t\u00e9cnica por extrusi\u00f3n","og_url":"https:\/\/keraco.com\/ceramica-tecnica-por-extrusion\/","og_site_name":"Keraco","article_modified_time":"2019-11-15T12:28:15+00:00","twitter_card":"summary_large_image","twitter_misc":{"Tiempo de lectura":"1 minuto"},"schema":{"@context":"https:\/\/schema.org","@graph":[{"@type":"WebPage","@id":"https:\/\/keraco.com\/ceramica-tecnica-por-extrusion\/","url":"https:\/\/keraco.com\/ceramica-tecnica-por-extrusion\/","name":"Cer\u00e1mica t\u00e9cnica por extrusi\u00f3n - Keraco","isPartOf":{"@id":"https:\/\/keraco.com\/#website"},"datePublished":"2019-11-08T11:35:28+00:00","dateModified":"2019-11-15T12:28:15+00:00","breadcrumb":{"@id":"https:\/\/keraco.com\/ceramica-tecnica-por-extrusion\/#breadcrumb"},"inLanguage":"es","potentialAction":[{"@type":"ReadAction","target":["https:\/\/keraco.com\/ceramica-tecnica-por-extrusion\/"]}]},{"@type":"BreadcrumbList","@id":"https:\/\/keraco.com\/ceramica-tecnica-por-extrusion\/#breadcrumb","itemListElement":[{"@type":"ListItem","position":1,"name":"Home","item":"https:\/\/keraco.com\/pagina-principal\/"},{"@type":"ListItem","position":2,"name":"Cer\u00e1mica t\u00e9cnica por extrusi\u00f3n"}]},{"@type":"WebSite","@id":"https:\/\/keraco.com\/#website","url":"https:\/\/keraco.com\/","name":"Keraco","description":"Technology &amp; Quality","potentialAction":[{"@type":"SearchAction","target":{"@type":"EntryPoint","urlTemplate":"https:\/\/keraco.com\/?s={search_term_string}"},"query-input":{"@type":"PropertyValueSpecification","valueRequired":true,"valueName":"search_term_string"}}],"inLanguage":"es"}]}},"_links":{"self":[{"href":"https:\/\/keraco.com\/es\/wp-json\/wp\/v2\/pages\/264","targetHints":{"allow":["GET"]}}],"collection":[{"href":"https:\/\/keraco.com\/es\/wp-json\/wp\/v2\/pages"}],"about":[{"href":"https:\/\/keraco.com\/es\/wp-json\/wp\/v2\/types\/page"}],"author":[{"embeddable":true,"href":"https:\/\/keraco.com\/es\/wp-json\/wp\/v2\/users\/1"}],"replies":[{"embeddable":true,"href":"https:\/\/keraco.com\/es\/wp-json\/wp\/v2\/comments?post=264"}],"version-history":[{"count":0,"href":"https:\/\/keraco.com\/es\/wp-json\/wp\/v2\/pages\/264\/revisions"}],"wp:attachment":[{"href":"https:\/\/keraco.com\/es\/wp-json\/wp\/v2\/media?parent=264"}],"curies":[{"name":"wp","href":"https:\/\/api.w.org\/{rel}","templated":true}]}}