{"id":259,"date":"2019-11-08T12:35:06","date_gmt":"2019-11-08T11:35:06","guid":{"rendered":"http:\/\/www.keraco.com\/?page_id=259"},"modified":"2019-11-26T09:56:43","modified_gmt":"2019-11-26T08:56:43","slug":"ceramica-absorbente-por-extrusion","status":"publish","type":"page","link":"https:\/\/keraco.com\/es\/ceramica-absorbente-por-extrusion\/","title":{"rendered":"Cer\u00e1mica absorbente por extrusi\u00f3n"},"content":{"rendered":"<div class=\"wpb-content-wrapper\"><p>[vc_section][vc_row full_width=\u00bbstretch_row_content_no_spaces\u00bb][vc_column]  <article>\n    <div class=\"vc_image_text--container\">\n      <div class=\"cont--imagefull\">\n        <div class=\"cont-imagefull-mobile\">\n          <img loading=\"lazy\" decoding=\"async\" width=\"675\" height=\"915\" src=\"https:\/\/keraco.com\/wp-content\/uploads\/2019\/11\/img-accesos-home-02.jpg\" class=\"attachment-full size-full\" alt=\"\" srcset=\"https:\/\/keraco.com\/wp-content\/uploads\/2019\/11\/img-accesos-home-02.jpg 675w, https:\/\/keraco.com\/wp-content\/uploads\/2019\/11\/img-accesos-home-02-221x300.jpg 221w\" sizes=\"auto, (max-width: 675px) 100vw, 675px\" \/>        <\/div>\n      <\/div>\n      <div class=\"cont--text-image\">\n        <div class=\"cont--text\">\n          <div class=\"cont--text--inner\">\n            <div class=\"cont--text-body\"><\/p>\n<h1>Cer\u00e1mica absorbente por extrusi\u00f3n<\/h1>\n<p>Nuestra experiencia en el sector cer\u00e1mico nos ha permitido trabajar en I+D desarrollando absorbentes para la filtraci\u00f3n del aire y la purificaci\u00f3n de gases proporcionando soluciones innovadoras.<\/p>\n<p>Bajo el paraguas de nuestras marcas <a href=\"http:\/\/www.befreshtech.com\/es\/\" target=\"_blank\" rel=\"noopener noreferrer\"><strong>BEfresh<\/strong><\/a> comercializamos una gama de absorventes de distintos gases; etileno, amoniaco, etc\u2026 para los siguientes sectores:<\/p>\n<ul>\n<li>Sector hortofrut\u00edcola<\/li>\n<li>Sector ganadero<\/li>\n<li>Sector industrial: plantas petroqu\u00edmicas, refiner\u00edas, industrias papeleras, etc.<\/li>\n<li>Sector bienes de consumo<\/li>\n<\/ul>\n<p><\/div>\n          <\/div>\n        <\/div>\n        <div class=\"cont-imagefull-desktop\">\n          <img loading=\"lazy\" decoding=\"async\" width=\"675\" height=\"625\" src=\"https:\/\/keraco.com\/wp-content\/uploads\/2019\/11\/Ceramica-absorbente-por-extrusion.jpg\" class=\"attachment-full size-full\" alt=\"\" srcset=\"https:\/\/keraco.com\/wp-content\/uploads\/2019\/11\/Ceramica-absorbente-por-extrusion.jpg 675w, https:\/\/keraco.com\/wp-content\/uploads\/2019\/11\/Ceramica-absorbente-por-extrusion-300x278.jpg 300w\" sizes=\"auto, (max-width: 675px) 100vw, 675px\" \/>        <\/div>\n      <\/div>\n    <\/div>\n  <\/article>\n\n[\/vc_column][\/vc_row][\/vc_section][vc_section][vc_row][vc_column width=\u00bb4\/12&#8243;][vc_column_text]<\/p>\n<h1><a href=\"http:\/\/www.befreshtech.com\/es\/\" target=\"_blank\" rel=\"noopener noreferrer\">BEfresh<br \/>\nTechnology<\/a><\/h1>\n<p>[\/vc_column_text][\/vc_column][vc_column width=\u00bb8\/12&#8243;][vc_column_text]La mejor soluci\u00f3n para alargar la vida \u00fatil de las frutas, verduras y ornamentales con los siguientes formatos: sachets, filtros de transporte y m\u00f3dulos. Una amplia gama de productos aplicables a toda la cadena de distribuci\u00f3n: productores, exportadores, operadores log\u00edsticos, mayoristas y grandes superficies.<\/p>\n<p>[\/vc_column_text][\/vc_column][\/vc_row][vc_row][vc_column]\n    <div id=\"pinContainer\" class=\"slider-scroll-container slider-scroll-container-content-3\">\n        \n        <div id=\"slideContainer\" class=\"slider-scroll-content scroll-lateral\">\n            \n                <div class=\"item panel\">\n\n                    <div class=\"cont--img\">\n                        <div class=\"cont--image-primary\">\n                            <img loading=\"lazy\" decoding=\"async\" width=\"530\" height=\"760\" src=\"https:\/\/keraco.com\/wp-content\/uploads\/2019\/11\/img-ceramica-absorvente-01.jpg\" class=\"attachment-full size-full wp-post-image\" alt=\"\" srcset=\"https:\/\/keraco.com\/wp-content\/uploads\/2019\/11\/img-ceramica-absorvente-01.jpg 530w, https:\/\/keraco.com\/wp-content\/uploads\/2019\/11\/img-ceramica-absorvente-01-209x300.jpg 209w\" sizes=\"auto, (max-width: 530px) 100vw, 530px\" \/>                        <\/div>\n\n                                                <div class=\"cont--img-hover\">\n                            <img loading=\"lazy\" decoding=\"async\" width=\"530\" height=\"760\" src=\"https:\/\/keraco.com\/wp-content\/uploads\/2019\/11\/img-ceramica-absorvente-01-hover.jpg\" class=\"attachment-full size-full\" alt=\"\" srcset=\"https:\/\/keraco.com\/wp-content\/uploads\/2019\/11\/img-ceramica-absorvente-01-hover.jpg 530w, https:\/\/keraco.com\/wp-content\/uploads\/2019\/11\/img-ceramica-absorvente-01-hover-209x300.jpg 209w\" sizes=\"auto, (max-width: 530px) 100vw, 530px\" \/>                        <\/div>\n                         \n                    <\/div>\n\n                <\/div>\n\n            \n                <div class=\"item panel\">\n\n                    <div class=\"cont--img\">\n                        <div class=\"cont--image-primary\">\n                            <img loading=\"lazy\" decoding=\"async\" width=\"530\" height=\"760\" src=\"https:\/\/keraco.com\/wp-content\/uploads\/2019\/11\/img-ceramica-absorvente-02-1.jpg\" class=\"attachment-full size-full wp-post-image\" alt=\"\" srcset=\"https:\/\/keraco.com\/wp-content\/uploads\/2019\/11\/img-ceramica-absorvente-02-1.jpg 530w, https:\/\/keraco.com\/wp-content\/uploads\/2019\/11\/img-ceramica-absorvente-02-1-209x300.jpg 209w\" sizes=\"auto, (max-width: 530px) 100vw, 530px\" \/>                        <\/div>\n\n                                                <div class=\"cont--img-hover\">\n                            <img loading=\"lazy\" decoding=\"async\" width=\"530\" height=\"760\" src=\"https:\/\/keraco.com\/wp-content\/uploads\/2019\/11\/img-ceramica-absorvente-02-hover.jpg\" class=\"attachment-full size-full\" alt=\"\" srcset=\"https:\/\/keraco.com\/wp-content\/uploads\/2019\/11\/img-ceramica-absorvente-02-hover.jpg 530w, https:\/\/keraco.com\/wp-content\/uploads\/2019\/11\/img-ceramica-absorvente-02-hover-209x300.jpg 209w\" sizes=\"auto, (max-width: 530px) 100vw, 530px\" \/>                        <\/div>\n                         \n                    <\/div>\n\n                <\/div>\n\n            \n                <div class=\"item panel\">\n\n                    <div class=\"cont--img\">\n                        <div class=\"cont--image-primary\">\n                            <img loading=\"lazy\" decoding=\"async\" width=\"530\" height=\"760\" src=\"https:\/\/keraco.com\/wp-content\/uploads\/2019\/11\/img-ceramica-absorvente-03-1.jpg\" class=\"attachment-full size-full wp-post-image\" alt=\"\" srcset=\"https:\/\/keraco.com\/wp-content\/uploads\/2019\/11\/img-ceramica-absorvente-03-1.jpg 530w, https:\/\/keraco.com\/wp-content\/uploads\/2019\/11\/img-ceramica-absorvente-03-1-209x300.jpg 209w\" sizes=\"auto, (max-width: 530px) 100vw, 530px\" \/>                        <\/div>\n\n                                                <div class=\"cont--img-hover\">\n                            <img loading=\"lazy\" decoding=\"async\" width=\"530\" height=\"760\" src=\"https:\/\/keraco.com\/wp-content\/uploads\/2019\/11\/img-ceramica-absorvente-03-hover.jpg\" class=\"attachment-full size-full\" alt=\"\" srcset=\"https:\/\/keraco.com\/wp-content\/uploads\/2019\/11\/img-ceramica-absorvente-03-hover.jpg 530w, https:\/\/keraco.com\/wp-content\/uploads\/2019\/11\/img-ceramica-absorvente-03-hover-209x300.jpg 209w\" sizes=\"auto, (max-width: 530px) 100vw, 530px\" \/>                        <\/div>\n                         \n                    <\/div>\n\n                <\/div>\n\n            \n                <div class=\"item panel\">\n\n                    <div class=\"cont--img\">\n                        <div class=\"cont--image-primary\">\n                            <img loading=\"lazy\" decoding=\"async\" width=\"530\" height=\"760\" src=\"https:\/\/keraco.com\/wp-content\/uploads\/2019\/11\/img-ceramica-absorvente-04-2.jpg\" class=\"attachment-full size-full wp-post-image\" alt=\"\" srcset=\"https:\/\/keraco.com\/wp-content\/uploads\/2019\/11\/img-ceramica-absorvente-04-2.jpg 530w, https:\/\/keraco.com\/wp-content\/uploads\/2019\/11\/img-ceramica-absorvente-04-2-209x300.jpg 209w\" sizes=\"auto, (max-width: 530px) 100vw, 530px\" \/>                        <\/div>\n\n                         \n                    <\/div>\n\n                <\/div>\n\n            \n                <div class=\"item panel\">\n\n                    <div class=\"cont--img\">\n                        <div class=\"cont--image-primary\">\n                            <img loading=\"lazy\" decoding=\"async\" width=\"530\" height=\"760\" src=\"https:\/\/keraco.com\/wp-content\/uploads\/2019\/11\/img-ceramica-absorvente-05-1.jpg\" class=\"attachment-full size-full wp-post-image\" alt=\"\" srcset=\"https:\/\/keraco.com\/wp-content\/uploads\/2019\/11\/img-ceramica-absorvente-05-1.jpg 530w, https:\/\/keraco.com\/wp-content\/uploads\/2019\/11\/img-ceramica-absorvente-05-1-209x300.jpg 209w\" sizes=\"auto, (max-width: 530px) 100vw, 530px\" \/>                        <\/div>\n\n                         \n                    <\/div>\n\n                <\/div>\n\n                    <\/div>\n    <\/div>\n\n[\/vc_column][\/vc_row][\/vc_section][vc_section full_width=\u00bbstretch_row\u00bb css=\u00bb.vc_custom_1573819742275{padding-top: 80px !important;padding-bottom: 80px !important;background-color: #efeae9 !important;}\u00bb][vc_row][vc_column width=\u00bb4\/12&#8243;][vc_column_text]<\/p>\n<h1><a href=\"https:\/\/www.befreshome.com\/es\/\" target=\"_blank\" rel=\"noopener noreferrer\">BEfresh<br \/>\nHome<\/a><\/h1>\n<div id=\"gtx-trans\" style=\"position: absolute; left: -29px; top: -10px;\">\n<div class=\"gtx-trans-icon\"><\/div>\n<\/div>\n<p>[\/vc_column_text][\/vc_column][vc_column width=\u00bb8\/12&#8243;][vc_column_text]Un sistema no invasivo de alta seguridad alimentaria que mantiene frutas y verduras m\u00e1s frescas y saludables durante m\u00e1s tiempo. El dise\u00f1o ergon\u00f3mico y decorativo de la hoja contenedora del sachet <strong><a href=\"https:\/\/www.befreshome.com\/es\/\" target=\"_blank\" rel=\"noopener noreferrer\">BEfresh<\/a><\/strong> evita estropear los alimentos y permite mimetizarse con ellos, tanto en su uso dentro y fuera de la nevera.<\/p>\n<div id=\"gtx-trans\" style=\"position: absolute; left: 263px; top: 38px;\">\n<div class=\"gtx-trans-icon\"><\/div>\n<\/div>\n<p>[\/vc_column_text][\/vc_column][\/vc_row][vc_row][vc_column]\n    <div id=\"pinContainer\" class=\"slider-scroll-container slider-scroll-container-content-3\">\n        \n        <div id=\"slideContainer\" class=\"slider-scroll-content scroll-lateral\">\n            \n                <div class=\"item panel\">\n\n                    <div class=\"cont--img\">\n                        <div class=\"cont--image-primary\">\n                            <img loading=\"lazy\" decoding=\"async\" width=\"530\" height=\"760\" src=\"https:\/\/keraco.com\/wp-content\/uploads\/2019\/11\/img-ceramica-absorvente-06.jpg\" class=\"attachment-full size-full wp-post-image\" alt=\"\" srcset=\"https:\/\/keraco.com\/wp-content\/uploads\/2019\/11\/img-ceramica-absorvente-06.jpg 530w, https:\/\/keraco.com\/wp-content\/uploads\/2019\/11\/img-ceramica-absorvente-06-209x300.jpg 209w\" sizes=\"auto, (max-width: 530px) 100vw, 530px\" \/>                        <\/div>\n\n                         \n                    <\/div>\n\n                <\/div>\n\n            \n                <div class=\"item panel\">\n\n                    <div class=\"cont--img\">\n                        <div class=\"cont--image-primary\">\n                            <img loading=\"lazy\" decoding=\"async\" width=\"530\" height=\"760\" src=\"https:\/\/keraco.com\/wp-content\/uploads\/2019\/11\/img-ceramica-absorvente-07.jpg\" class=\"attachment-full size-full wp-post-image\" alt=\"\" srcset=\"https:\/\/keraco.com\/wp-content\/uploads\/2019\/11\/img-ceramica-absorvente-07.jpg 530w, https:\/\/keraco.com\/wp-content\/uploads\/2019\/11\/img-ceramica-absorvente-07-209x300.jpg 209w\" sizes=\"auto, (max-width: 530px) 100vw, 530px\" \/>                        <\/div>\n\n                         \n                    <\/div>\n\n                <\/div>\n\n            \n                <div class=\"item panel\">\n\n                    <div class=\"cont--img\">\n                        <div class=\"cont--image-primary\">\n                            <img loading=\"lazy\" decoding=\"async\" width=\"530\" height=\"760\" src=\"https:\/\/keraco.com\/wp-content\/uploads\/2019\/11\/img-ceramica-absorvente-08.jpg\" class=\"attachment-full size-full wp-post-image\" alt=\"\" srcset=\"https:\/\/keraco.com\/wp-content\/uploads\/2019\/11\/img-ceramica-absorvente-08.jpg 530w, https:\/\/keraco.com\/wp-content\/uploads\/2019\/11\/img-ceramica-absorvente-08-209x300.jpg 209w\" sizes=\"auto, (max-width: 530px) 100vw, 530px\" \/>                        <\/div>\n\n                         \n                    <\/div>\n\n                <\/div>\n\n            \n                <div class=\"item panel\">\n\n                    <div class=\"cont--img\">\n                        <div class=\"cont--image-primary\">\n                            <img loading=\"lazy\" decoding=\"async\" width=\"530\" height=\"760\" src=\"https:\/\/keraco.com\/wp-content\/uploads\/2019\/11\/img-ceramica-absorvente-09.jpg\" class=\"attachment-full size-full wp-post-image\" alt=\"\" srcset=\"https:\/\/keraco.com\/wp-content\/uploads\/2019\/11\/img-ceramica-absorvente-09.jpg 530w, https:\/\/keraco.com\/wp-content\/uploads\/2019\/11\/img-ceramica-absorvente-09-209x300.jpg 209w\" sizes=\"auto, (max-width: 530px) 100vw, 530px\" \/>                        <\/div>\n\n                         \n                    <\/div>\n\n                <\/div>\n\n            \n                <div class=\"item panel\">\n\n                    <div class=\"cont--img\">\n                        <div class=\"cont--image-primary\">\n                            <img loading=\"lazy\" decoding=\"async\" width=\"530\" height=\"760\" src=\"https:\/\/keraco.com\/wp-content\/uploads\/2019\/11\/img-ceramica-absorvente-10.jpg\" class=\"attachment-full size-full wp-post-image\" alt=\"\" srcset=\"https:\/\/keraco.com\/wp-content\/uploads\/2019\/11\/img-ceramica-absorvente-10.jpg 530w, https:\/\/keraco.com\/wp-content\/uploads\/2019\/11\/img-ceramica-absorvente-10-209x300.jpg 209w\" sizes=\"auto, (max-width: 530px) 100vw, 530px\" \/>                        <\/div>\n\n                         \n                    <\/div>\n\n                <\/div>\n\n                    <\/div>\n    <\/div>\n\n[\/vc_column][\/vc_row][\/vc_section]<\/p>\n<\/div>","protected":false},"excerpt":{"rendered":"<p>[vc_section][vc_row full_width=\u00bbstretch_row_content_no_spaces\u00bb][vc_column][\/vc_column][\/vc_row][\/vc_section][vc_section][vc_row][vc_column width=\u00bb4\/12&#8243;][vc_column_text] BEfresh Technology [\/vc_column_text][\/vc_column][vc_column width=\u00bb8\/12&#8243;][vc_column_text]La mejor soluci\u00f3n para alargar la vida \u00fatil de las frutas, verduras y ornamentales con los siguientes formatos: sachets, filtros de transporte y m\u00f3dulos. Una amplia gama de productos aplicables a toda la cadena de distribuci\u00f3n: productores, exportadores, operadores log\u00edsticos, mayoristas y grandes superficies. [\/vc_column_text][\/vc_column][\/vc_row][vc_row][vc_column][\/vc_column][\/vc_row][\/vc_section][vc_section full_width=\u00bbstretch_row\u00bb css=\u00bb.vc_custom_1573819742275{padding-top: 80px !important;padding-bottom: [&#8230;]<\/p>\n<p><a class=\"btn btn-secondary understrap-read-more-link\" href=\"https:\/\/keraco.com\/es\/ceramica-absorbente-por-extrusion\/\">Leer m\u00e1s&#8230;<span class=\"screen-reader-text\"> from Cer\u00e1mica absorbente por extrusi\u00f3n<\/span><\/a><\/p>\n","protected":false},"author":1,"featured_media":0,"parent":0,"menu_order":0,"comment_status":"closed","ping_status":"closed","template":"page-templates\/page-dark.php","meta":{"_acf_changed":false,"_monsterinsights_skip_tracking":false,"_monsterinsights_sitenote_active":false,"_monsterinsights_sitenote_note":"","_monsterinsights_sitenote_category":0,"footnotes":""},"class_list":["post-259","page","type-page","status-publish","hentry"],"acf":[],"yoast_head":"<!-- This site is optimized with the Yoast SEO plugin v27.4 - https:\/\/yoast.com\/product\/yoast-seo-wordpress\/ -->\n<title>Cer\u00e1mica absorbente por extrusi\u00f3n - Keraco<\/title>\n<meta name=\"robots\" content=\"index, follow, max-snippet:-1, max-image-preview:large, max-video-preview:-1\" \/>\n<link rel=\"canonical\" href=\"https:\/\/keraco.com\/ceramica-absorbente-por-extrusion\/\" \/>\n<meta property=\"og:locale\" content=\"es_ES\" \/>\n<meta property=\"og:type\" content=\"article\" \/>\n<meta property=\"og:title\" content=\"Cer\u00e1mica absorbente por extrusi\u00f3n - Keraco\" \/>\n<meta property=\"og:description\" content=\"[vc_section][vc_row full_width=\u00bbstretch_row_content_no_spaces\u00bb][vc_column][\/vc_column][\/vc_row][\/vc_section][vc_section][vc_row][vc_column width=\u00bb4\/12&#8243;][vc_column_text] BEfresh Technology [\/vc_column_text][\/vc_column][vc_column width=\u00bb8\/12&#8243;][vc_column_text]La mejor soluci\u00f3n para alargar la vida \u00fatil de las frutas, verduras y ornamentales con los siguientes formatos: sachets, filtros de transporte y m\u00f3dulos. Una amplia gama de productos aplicables a toda la cadena de distribuci\u00f3n: productores, exportadores, operadores log\u00edsticos, mayoristas y grandes superficies. [\/vc_column_text][\/vc_column][\/vc_row][vc_row][vc_column][\/vc_column][\/vc_row][\/vc_section][vc_section full_width=\u00bbstretch_row\u00bb css=\u00bb.vc_custom_1573819742275{padding-top: 80px !important;padding-bottom: [...]Leer m\u00e1s... from Cer\u00e1mica absorbente por extrusi\u00f3n\" \/>\n<meta property=\"og:url\" content=\"https:\/\/keraco.com\/ceramica-absorbente-por-extrusion\/\" \/>\n<meta property=\"og:site_name\" content=\"Keraco\" \/>\n<meta property=\"article:modified_time\" content=\"2019-11-26T08:56:43+00:00\" \/>\n<meta name=\"twitter:card\" content=\"summary_large_image\" \/>\n<meta name=\"twitter:label1\" content=\"Tiempo de lectura\" \/>\n\t<meta name=\"twitter:data1\" content=\"2 minutos\" \/>\n<script type=\"application\/ld+json\" class=\"yoast-schema-graph\">{\"@context\":\"https:\\\/\\\/schema.org\",\"@graph\":[{\"@type\":\"WebPage\",\"@id\":\"https:\\\/\\\/keraco.com\\\/ceramica-absorbente-por-extrusion\\\/\",\"url\":\"https:\\\/\\\/keraco.com\\\/ceramica-absorbente-por-extrusion\\\/\",\"name\":\"Cer\u00e1mica absorbente por extrusi\u00f3n - Keraco\",\"isPartOf\":{\"@id\":\"https:\\\/\\\/keraco.com\\\/#website\"},\"datePublished\":\"2019-11-08T11:35:06+00:00\",\"dateModified\":\"2019-11-26T08:56:43+00:00\",\"breadcrumb\":{\"@id\":\"https:\\\/\\\/keraco.com\\\/ceramica-absorbente-por-extrusion\\\/#breadcrumb\"},\"inLanguage\":\"es\",\"potentialAction\":[{\"@type\":\"ReadAction\",\"target\":[\"https:\\\/\\\/keraco.com\\\/ceramica-absorbente-por-extrusion\\\/\"]}]},{\"@type\":\"BreadcrumbList\",\"@id\":\"https:\\\/\\\/keraco.com\\\/ceramica-absorbente-por-extrusion\\\/#breadcrumb\",\"itemListElement\":[{\"@type\":\"ListItem\",\"position\":1,\"name\":\"Home\",\"item\":\"https:\\\/\\\/keraco.com\\\/pagina-principal\\\/\"},{\"@type\":\"ListItem\",\"position\":2,\"name\":\"Cer\u00e1mica absorbente por extrusi\u00f3n\"}]},{\"@type\":\"WebSite\",\"@id\":\"https:\\\/\\\/keraco.com\\\/#website\",\"url\":\"https:\\\/\\\/keraco.com\\\/\",\"name\":\"Keraco\",\"description\":\"Technology &amp; Quality\",\"potentialAction\":[{\"@type\":\"SearchAction\",\"target\":{\"@type\":\"EntryPoint\",\"urlTemplate\":\"https:\\\/\\\/keraco.com\\\/?s={search_term_string}\"},\"query-input\":{\"@type\":\"PropertyValueSpecification\",\"valueRequired\":true,\"valueName\":\"search_term_string\"}}],\"inLanguage\":\"es\"}]}<\/script>\n<!-- \/ Yoast SEO plugin. -->","yoast_head_json":{"title":"Cer\u00e1mica absorbente por extrusi\u00f3n - Keraco","robots":{"index":"index","follow":"follow","max-snippet":"max-snippet:-1","max-image-preview":"max-image-preview:large","max-video-preview":"max-video-preview:-1"},"canonical":"https:\/\/keraco.com\/ceramica-absorbente-por-extrusion\/","og_locale":"es_ES","og_type":"article","og_title":"Cer\u00e1mica absorbente por extrusi\u00f3n - Keraco","og_description":"[vc_section][vc_row full_width=\u00bbstretch_row_content_no_spaces\u00bb][vc_column][\/vc_column][\/vc_row][\/vc_section][vc_section][vc_row][vc_column width=\u00bb4\/12&#8243;][vc_column_text] BEfresh Technology [\/vc_column_text][\/vc_column][vc_column width=\u00bb8\/12&#8243;][vc_column_text]La mejor soluci\u00f3n para alargar la vida \u00fatil de las frutas, verduras y ornamentales con los siguientes formatos: sachets, filtros de transporte y m\u00f3dulos. Una amplia gama de productos aplicables a toda la cadena de distribuci\u00f3n: productores, exportadores, operadores log\u00edsticos, mayoristas y grandes superficies. [\/vc_column_text][\/vc_column][\/vc_row][vc_row][vc_column][\/vc_column][\/vc_row][\/vc_section][vc_section full_width=\u00bbstretch_row\u00bb css=\u00bb.vc_custom_1573819742275{padding-top: 80px !important;padding-bottom: [...]Leer m\u00e1s... from Cer\u00e1mica absorbente por extrusi\u00f3n","og_url":"https:\/\/keraco.com\/ceramica-absorbente-por-extrusion\/","og_site_name":"Keraco","article_modified_time":"2019-11-26T08:56:43+00:00","twitter_card":"summary_large_image","twitter_misc":{"Tiempo de lectura":"2 minutos"},"schema":{"@context":"https:\/\/schema.org","@graph":[{"@type":"WebPage","@id":"https:\/\/keraco.com\/ceramica-absorbente-por-extrusion\/","url":"https:\/\/keraco.com\/ceramica-absorbente-por-extrusion\/","name":"Cer\u00e1mica absorbente por extrusi\u00f3n - Keraco","isPartOf":{"@id":"https:\/\/keraco.com\/#website"},"datePublished":"2019-11-08T11:35:06+00:00","dateModified":"2019-11-26T08:56:43+00:00","breadcrumb":{"@id":"https:\/\/keraco.com\/ceramica-absorbente-por-extrusion\/#breadcrumb"},"inLanguage":"es","potentialAction":[{"@type":"ReadAction","target":["https:\/\/keraco.com\/ceramica-absorbente-por-extrusion\/"]}]},{"@type":"BreadcrumbList","@id":"https:\/\/keraco.com\/ceramica-absorbente-por-extrusion\/#breadcrumb","itemListElement":[{"@type":"ListItem","position":1,"name":"Home","item":"https:\/\/keraco.com\/pagina-principal\/"},{"@type":"ListItem","position":2,"name":"Cer\u00e1mica absorbente por extrusi\u00f3n"}]},{"@type":"WebSite","@id":"https:\/\/keraco.com\/#website","url":"https:\/\/keraco.com\/","name":"Keraco","description":"Technology &amp; Quality","potentialAction":[{"@type":"SearchAction","target":{"@type":"EntryPoint","urlTemplate":"https:\/\/keraco.com\/?s={search_term_string}"},"query-input":{"@type":"PropertyValueSpecification","valueRequired":true,"valueName":"search_term_string"}}],"inLanguage":"es"}]}},"_links":{"self":[{"href":"https:\/\/keraco.com\/es\/wp-json\/wp\/v2\/pages\/259","targetHints":{"allow":["GET"]}}],"collection":[{"href":"https:\/\/keraco.com\/es\/wp-json\/wp\/v2\/pages"}],"about":[{"href":"https:\/\/keraco.com\/es\/wp-json\/wp\/v2\/types\/page"}],"author":[{"embeddable":true,"href":"https:\/\/keraco.com\/es\/wp-json\/wp\/v2\/users\/1"}],"replies":[{"embeddable":true,"href":"https:\/\/keraco.com\/es\/wp-json\/wp\/v2\/comments?post=259"}],"version-history":[{"count":0,"href":"https:\/\/keraco.com\/es\/wp-json\/wp\/v2\/pages\/259\/revisions"}],"wp:attachment":[{"href":"https:\/\/keraco.com\/es\/wp-json\/wp\/v2\/media?parent=259"}],"curies":[{"name":"wp","href":"https:\/\/api.w.org\/{rel}","templated":true}]}}