{"id":255,"date":"2019-11-08T12:34:32","date_gmt":"2019-11-08T11:34:32","guid":{"rendered":"http:\/\/www.keraco.com\/?page_id=255"},"modified":"2019-11-26T08:10:49","modified_gmt":"2019-11-26T07:10:49","slug":"ceramica-porosa-placas-ceramicas-infrarrojas","status":"publish","type":"page","link":"https:\/\/keraco.com\/es\/ceramica-porosa-placas-ceramicas-infrarrojas\/","title":{"rendered":"Cer\u00e1mica porosa: placas cer\u00e1micas infrarrojas"},"content":{"rendered":"<div class=\"wpb-content-wrapper\"><p>[vc_section][vc_row full_width=\u00bbstretch_row_content_no_spaces\u00bb][vc_column]  <article>\n    <div class=\"vc_image_text--container\">\n      <div class=\"cont--imagefull\">\n        <div class=\"cont-imagefull-mobile\">\n          <img loading=\"lazy\" decoding=\"async\" width=\"675\" height=\"915\" src=\"https:\/\/keraco.com\/wp-content\/uploads\/2019\/11\/img-accesos-home-04.jpg\" class=\"attachment-full size-full\" alt=\"\" srcset=\"https:\/\/keraco.com\/wp-content\/uploads\/2019\/11\/img-accesos-home-04.jpg 675w, https:\/\/keraco.com\/wp-content\/uploads\/2019\/11\/img-accesos-home-04-221x300.jpg 221w\" sizes=\"auto, (max-width: 675px) 100vw, 675px\" \/>        <\/div>\n      <\/div>\n      <div class=\"cont--text-image\">\n        <div class=\"cont--text\">\n          <div class=\"cont--text--inner\">\n            <div class=\"cont--text-body\"><\/p>\n<h1>Cer\u00e1mica porosa: placas cer\u00e1micas infrarrojas<\/h1>\n<p>Para desarrollar nuestras placas de cer\u00e1mica infrarrojas utilizamos cordierita como materia prima y el prensado como proceso de fabricaci\u00f3n.<\/p>\n<p>La cordierita ofrece un bajo coeficiente de expansi\u00f3n t\u00e9rmica y alta tolerancia al shock t\u00e9rmico, as\u00ed como una buena resistencia mec\u00e1nica y un nivel \u00f3ptimo de valor calor\u00edfico.<\/p>\n<p>Principalmente, nuestras placas cer\u00e1micas infrarrojas se aplican en:<\/p>\n<ul>\n<li>Asadores y m\u00e1quinas de Kebab<\/li>\n<li>Barbacoas<\/li>\n<li>Hornos y hornillos<\/li>\n<li>Estufas y calefactores<\/li>\n<li>Calefacci\u00f3n para granjas<\/li>\n<\/ul>\n<p><\/div>\n          <\/div>\n        <\/div>\n        <div class=\"cont-imagefull-desktop\">\n          <img loading=\"lazy\" decoding=\"async\" width=\"675\" height=\"915\" src=\"https:\/\/keraco.com\/wp-content\/uploads\/2019\/11\/img-accesos-home-04.jpg\" class=\"attachment-full size-full\" alt=\"\" srcset=\"https:\/\/keraco.com\/wp-content\/uploads\/2019\/11\/img-accesos-home-04.jpg 675w, https:\/\/keraco.com\/wp-content\/uploads\/2019\/11\/img-accesos-home-04-221x300.jpg 221w\" sizes=\"auto, (max-width: 675px) 100vw, 675px\" \/>        <\/div>\n      <\/div>\n    <\/div>\n  <\/article>\n\n[\/vc_column][\/vc_row][\/vc_section][vc_section][vc_row][vc_column]\n<div class=\"slider-scroll-container slider-scroll-container-content\"> \n    \n      <div class=\"slider-scroll-content scroll-lateral\">\n          \n          \n              <div class=\"item panel color-text-white color-logo-white color-menu_prinicipal-white color-menu_idioma-white\">                         \n                                                    \n                  <div class=\"cont__img d-none d-md-block\">\n                      <img loading=\"lazy\" decoding=\"async\" width=\"1620\" height=\"1080\" src=\"https:\/\/keraco.com\/wp-content\/uploads\/2019\/11\/img-slider-ceramica-porosa-01.jpg\" class=\"attachment-full size-full wp-post-image\" alt=\"\" srcset=\"https:\/\/keraco.com\/wp-content\/uploads\/2019\/11\/img-slider-ceramica-porosa-01.jpg 1620w, https:\/\/keraco.com\/wp-content\/uploads\/2019\/11\/img-slider-ceramica-porosa-01-300x200.jpg 300w, https:\/\/keraco.com\/wp-content\/uploads\/2019\/11\/img-slider-ceramica-porosa-01-768x512.jpg 768w, https:\/\/keraco.com\/wp-content\/uploads\/2019\/11\/img-slider-ceramica-porosa-01-1024x683.jpg 1024w\" sizes=\"auto, (max-width: 1620px) 100vw, 1620px\" \/> \n                  <\/div>\n\n                                            <div class=\"cont__img_mobile d-block d-md-none\">\n                              <img loading=\"lazy\" decoding=\"async\" width=\"1620\" height=\"1080\" src=\"https:\/\/keraco.com\/wp-content\/uploads\/2019\/11\/img-slider-ceramica-porosa-01.jpg\" class=\"attachment-full size-full\" alt=\"\" srcset=\"https:\/\/keraco.com\/wp-content\/uploads\/2019\/11\/img-slider-ceramica-porosa-01.jpg 1620w, https:\/\/keraco.com\/wp-content\/uploads\/2019\/11\/img-slider-ceramica-porosa-01-300x200.jpg 300w, https:\/\/keraco.com\/wp-content\/uploads\/2019\/11\/img-slider-ceramica-porosa-01-768x512.jpg 768w, https:\/\/keraco.com\/wp-content\/uploads\/2019\/11\/img-slider-ceramica-porosa-01-1024x683.jpg 1024w\" sizes=\"auto, (max-width: 1620px) 100vw, 1620px\" \/>                          <\/div>   \n                       \n              <\/div>\n\n          \n          \n              <div class=\"item panel color-text-white color-logo-white color-menu_prinicipal-white color-menu_idioma-white\">                         \n                                                    \n                  <div class=\"cont__img d-none d-md-block\">\n                      <img loading=\"lazy\" decoding=\"async\" width=\"1620\" height=\"1080\" src=\"https:\/\/keraco.com\/wp-content\/uploads\/2019\/11\/img-slider-ceramica-porosa-02-1.jpg\" class=\"attachment-full size-full wp-post-image\" alt=\"\" srcset=\"https:\/\/keraco.com\/wp-content\/uploads\/2019\/11\/img-slider-ceramica-porosa-02-1.jpg 1620w, https:\/\/keraco.com\/wp-content\/uploads\/2019\/11\/img-slider-ceramica-porosa-02-1-300x200.jpg 300w, https:\/\/keraco.com\/wp-content\/uploads\/2019\/11\/img-slider-ceramica-porosa-02-1-768x512.jpg 768w, https:\/\/keraco.com\/wp-content\/uploads\/2019\/11\/img-slider-ceramica-porosa-02-1-1024x683.jpg 1024w\" sizes=\"auto, (max-width: 1620px) 100vw, 1620px\" \/> \n                  <\/div>\n\n                                            <div class=\"cont__img_mobile d-block d-md-none\">\n                              <img loading=\"lazy\" decoding=\"async\" width=\"1620\" height=\"1080\" src=\"https:\/\/keraco.com\/wp-content\/uploads\/2019\/11\/img-slider-ceramica-porosa-02-1.jpg\" class=\"attachment-full size-full\" alt=\"\" srcset=\"https:\/\/keraco.com\/wp-content\/uploads\/2019\/11\/img-slider-ceramica-porosa-02-1.jpg 1620w, https:\/\/keraco.com\/wp-content\/uploads\/2019\/11\/img-slider-ceramica-porosa-02-1-300x200.jpg 300w, https:\/\/keraco.com\/wp-content\/uploads\/2019\/11\/img-slider-ceramica-porosa-02-1-768x512.jpg 768w, https:\/\/keraco.com\/wp-content\/uploads\/2019\/11\/img-slider-ceramica-porosa-02-1-1024x683.jpg 1024w\" sizes=\"auto, (max-width: 1620px) 100vw, 1620px\" \/>                          <\/div>   \n                       \n              <\/div>\n\n          \n          \n              <div class=\"item panel color-text-white color-logo-white color-menu_prinicipal-white color-menu_idioma-white\">                         \n                                                    \n                  <div class=\"cont__img d-none d-md-block\">\n                      <img loading=\"lazy\" decoding=\"async\" width=\"1620\" height=\"1080\" src=\"https:\/\/keraco.com\/wp-content\/uploads\/2019\/11\/img-slider-ceramica-porosa-04.jpg\" class=\"attachment-full size-full wp-post-image\" alt=\"\" srcset=\"https:\/\/keraco.com\/wp-content\/uploads\/2019\/11\/img-slider-ceramica-porosa-04.jpg 1620w, https:\/\/keraco.com\/wp-content\/uploads\/2019\/11\/img-slider-ceramica-porosa-04-300x200.jpg 300w, https:\/\/keraco.com\/wp-content\/uploads\/2019\/11\/img-slider-ceramica-porosa-04-768x512.jpg 768w, https:\/\/keraco.com\/wp-content\/uploads\/2019\/11\/img-slider-ceramica-porosa-04-1024x683.jpg 1024w\" sizes=\"auto, (max-width: 1620px) 100vw, 1620px\" \/> \n                  <\/div>\n\n                                            <div class=\"cont__img_mobile d-block d-md-none\">\n                              <img loading=\"lazy\" decoding=\"async\" width=\"1620\" height=\"1080\" src=\"https:\/\/keraco.com\/wp-content\/uploads\/2019\/11\/img-slider-ceramica-porosa-04.jpg\" class=\"attachment-full size-full\" alt=\"\" srcset=\"https:\/\/keraco.com\/wp-content\/uploads\/2019\/11\/img-slider-ceramica-porosa-04.jpg 1620w, https:\/\/keraco.com\/wp-content\/uploads\/2019\/11\/img-slider-ceramica-porosa-04-300x200.jpg 300w, https:\/\/keraco.com\/wp-content\/uploads\/2019\/11\/img-slider-ceramica-porosa-04-768x512.jpg 768w, https:\/\/keraco.com\/wp-content\/uploads\/2019\/11\/img-slider-ceramica-porosa-04-1024x683.jpg 1024w\" sizes=\"auto, (max-width: 1620px) 100vw, 1620px\" \/>                          <\/div>   \n                       \n              <\/div>\n\n          \n          \n              <div class=\"item panel color-text-white color-logo-white color-menu_prinicipal-white color-menu_idioma-white\">                         \n                                                    \n                  <div class=\"cont__img d-none d-md-block\">\n                      <img loading=\"lazy\" decoding=\"async\" width=\"1620\" height=\"1080\" src=\"https:\/\/keraco.com\/wp-content\/uploads\/2019\/11\/img-slider-ceramica-porosa-03-1.jpg\" class=\"attachment-full size-full wp-post-image\" alt=\"\" srcset=\"https:\/\/keraco.com\/wp-content\/uploads\/2019\/11\/img-slider-ceramica-porosa-03-1.jpg 1620w, https:\/\/keraco.com\/wp-content\/uploads\/2019\/11\/img-slider-ceramica-porosa-03-1-300x200.jpg 300w, https:\/\/keraco.com\/wp-content\/uploads\/2019\/11\/img-slider-ceramica-porosa-03-1-768x512.jpg 768w, https:\/\/keraco.com\/wp-content\/uploads\/2019\/11\/img-slider-ceramica-porosa-03-1-1024x683.jpg 1024w\" sizes=\"auto, (max-width: 1620px) 100vw, 1620px\" \/> \n                  <\/div>\n\n                                            <div class=\"cont__img_mobile d-block d-md-none\">\n                              <img loading=\"lazy\" decoding=\"async\" width=\"1620\" height=\"1080\" src=\"https:\/\/keraco.com\/wp-content\/uploads\/2019\/11\/img-slider-ceramica-porosa-03-1.jpg\" class=\"attachment-full size-full\" alt=\"\" srcset=\"https:\/\/keraco.com\/wp-content\/uploads\/2019\/11\/img-slider-ceramica-porosa-03-1.jpg 1620w, https:\/\/keraco.com\/wp-content\/uploads\/2019\/11\/img-slider-ceramica-porosa-03-1-300x200.jpg 300w, https:\/\/keraco.com\/wp-content\/uploads\/2019\/11\/img-slider-ceramica-porosa-03-1-768x512.jpg 768w, https:\/\/keraco.com\/wp-content\/uploads\/2019\/11\/img-slider-ceramica-porosa-03-1-1024x683.jpg 1024w\" sizes=\"auto, (max-width: 1620px) 100vw, 1620px\" \/>                          <\/div>   \n                       \n              <\/div>\n\n          \n          \n      <\/div>\n      <div class=\"cont--link--item\"><\/div>\n<\/div>\n\n[\/vc_column][\/vc_row][\/vc_section][vc_section][vc_row][vc_column width=\u00bb1\/2&#8243;][vc_column_text]Para adaptarnos a las necesidades \u2013 dimensiones y caracter\u00edsticas \u2013 de cada uno de nuestros clientes, disponemos de una base de 6 placas cer\u00e1micas b\u00e1sicas.<\/p>\n<div id=\"gtx-trans\" style=\"position: absolute; left: -271px; top: -10px;\">\n<div class=\"gtx-trans-icon\"><\/div>\n<\/div>\n<p>[\/vc_column_text][\/vc_column][vc_column width=\u00bb1\/2&#8243;][\/vc_column][\/vc_row][vc_row css=\u00bb.vc_custom_1573220101617{margin-top: 50px !important;margin-bottom: 50px !important;}\u00bb][vc_column][vc_column_text]<\/p>\n<table style=\"border-collapse: collapse; width: 100%; height: 168px;\">\n<thead>\n<tr>\n<th>Referencias<\/th>\n<th>Superficie<\/th>\n<th>\u00d8 agujero<\/th>\n<th>Medidas m\u00ednimas aproximadas<\/th>\n<th>Medidas m\u00e1ximas aproximadas<\/th>\n<\/tr>\n<\/thead>\n<tbody>\n<tr>\n<td data-label=\"Referencias\">K-01<\/td>\n<td data-label=\"Superficie\">Figure 8<\/td>\n<td data-label=\"\u00d8 agujero\">1,37 mm<\/td>\n<td data-label=\"Medidas min. aprox.\">157 x 73 x 13<\/td>\n<td data-label=\"Medidas max. aprox.\">164 x 74 x 13<\/td>\n<\/tr>\n<tr>\n<td data-label=\"Referencias\">K-02<\/td>\n<td data-label=\"Superficie\">Honeycomb<\/td>\n<td data-label=\"\u00d8 agujero\">1,28 mm<\/td>\n<td data-label=\"Medidas min. aprox.\">157 x 73 x 13<\/td>\n<td data-label=\"Medidas max. aprox.\">164 x 74 x 13<\/td>\n<\/tr>\n<tr>\n<td data-label=\"Referencias\">K-03<\/td>\n<td data-label=\"Superficie\">Figure 8<\/td>\n<td data-label=\"\u00d8 agujero\">1,37 mm<\/td>\n<td data-label=\"Medidas min. aprox.\">131,5 x 91,5 x 12<\/td>\n<td data-label=\"Medidas max. aprox.\">133,5 x 93 x 13,5<\/td>\n<\/tr>\n<tr>\n<td data-label=\"Referencias\">K-04<\/td>\n<td data-label=\"Superficie\">Honeycomb<\/td>\n<td data-label=\"\u00d8 agujero\">1,28 mm<\/td>\n<td data-label=\"Medidas min. aprox.\">131,5 x 88 x 11,5<\/td>\n<td data-label=\"Medidas max. aprox.\">134 x 93 x 13,5<\/td>\n<\/tr>\n<tr>\n<td data-label=\"Referencias\">KD-01<\/td>\n<td data-label=\"Superficie\">Figure 8<\/td>\n<td data-label=\"\u00d8 agujero\">1,37 mm<\/td>\n<td data-label=\"Medidas min. aprox.\">182 x 132 x 13<\/td>\n<td data-label=\"Medidas max. aprox.\">187 x 133 x 13,5<\/td>\n<\/tr>\n<tr>\n<td data-label=\"Referencias\">KD-06<\/td>\n<td data-label=\"Superficie\">Honeycomb<\/td>\n<td data-label=\"\u00d8 agujero\">1,48 mm<\/td>\n<td data-label=\"Medidas min. aprox.\">160 x 134 x 13<\/td>\n<td data-label=\"Medidas max. aprox.\">162 x 135 x 14<\/td>\n<\/tr>\n<\/tbody>\n<\/table>\n<p>[\/vc_column_text][\/vc_column][\/vc_row][\/vc_section][vc_section full_width=\u00bbstretch_row\u00bb css=\u00bb.vc_custom_1573220673278{padding-top: 60px !important;padding-bottom: 60px !important;background-color: #efeae9 !important;}\u00bb][vc_row][vc_column width=\u00bb1\/4&#8243;][vc_column_text]<\/p>\n<h1><a href=\"https:\/\/grilltiles.com\/\" target=\"_blank\" rel=\"noopener noreferrer\">King Ceramic<br \/>\nGrill Tiles<\/a><\/h1>\n<p>[\/vc_column_text][\/vc_column][vc_column width=\u00bb3\/4&#8243;][vc_column_text]Ofrecemos a los consumidores finales convertir su parrilla tradicional en una infrarroja, benefici\u00e1ndose en casa de todas sus ventajas, con la comercializaci\u00f3n de nuestras placas cer\u00e1micas infrarrojas a trav\u00e9s de nuestra marca <strong><a href=\"https:\/\/grilltiles.com\/\" target=\"_blank\" rel=\"noopener noreferrer\">King Ceramic Grill Tiles<\/a>.<\/strong>[\/vc_column_text][\/vc_column][\/vc_row][vc_row][vc_column]\n    <div id=\"pinContainer\" class=\"slider-scroll-container slider-scroll-container-content-3\">\n        \n        <div id=\"slideContainer\" class=\"slider-scroll-content scroll-lateral\">\n            \n                <div class=\"item panel\">\n\n                    <div class=\"cont--img\">\n                        <div class=\"cont--image-primary\">\n                            <img loading=\"lazy\" decoding=\"async\" width=\"530\" height=\"760\" src=\"https:\/\/keraco.com\/wp-content\/uploads\/2019\/11\/img-ceramica-porosa-01.jpg\" class=\"attachment-full size-full wp-post-image\" alt=\"\" srcset=\"https:\/\/keraco.com\/wp-content\/uploads\/2019\/11\/img-ceramica-porosa-01.jpg 530w, https:\/\/keraco.com\/wp-content\/uploads\/2019\/11\/img-ceramica-porosa-01-209x300.jpg 209w\" sizes=\"auto, (max-width: 530px) 100vw, 530px\" \/>                        <\/div>\n\n                         \n                    <\/div>\n\n                <\/div>\n\n            \n                <div class=\"item panel\">\n\n                    <div class=\"cont--img\">\n                        <div class=\"cont--image-primary\">\n                            <img loading=\"lazy\" decoding=\"async\" width=\"530\" height=\"760\" src=\"https:\/\/keraco.com\/wp-content\/uploads\/2019\/11\/img-ceramica-porosa-02.jpg\" class=\"attachment-full size-full wp-post-image\" alt=\"\" srcset=\"https:\/\/keraco.com\/wp-content\/uploads\/2019\/11\/img-ceramica-porosa-02.jpg 530w, https:\/\/keraco.com\/wp-content\/uploads\/2019\/11\/img-ceramica-porosa-02-209x300.jpg 209w\" sizes=\"auto, (max-width: 530px) 100vw, 530px\" \/>                        <\/div>\n\n                         \n                    <\/div>\n\n                <\/div>\n\n            \n                <div class=\"item panel\">\n\n                    <div class=\"cont--img\">\n                        <div class=\"cont--image-primary\">\n                            <img loading=\"lazy\" decoding=\"async\" width=\"530\" height=\"760\" src=\"https:\/\/keraco.com\/wp-content\/uploads\/2019\/11\/img-ceramica-porosa-03.jpg\" class=\"attachment-full size-full wp-post-image\" alt=\"\" srcset=\"https:\/\/keraco.com\/wp-content\/uploads\/2019\/11\/img-ceramica-porosa-03.jpg 530w, https:\/\/keraco.com\/wp-content\/uploads\/2019\/11\/img-ceramica-porosa-03-209x300.jpg 209w\" sizes=\"auto, (max-width: 530px) 100vw, 530px\" \/>                        <\/div>\n\n                         \n                    <\/div>\n\n                <\/div>\n\n            \n                <div class=\"item panel\">\n\n                    <div class=\"cont--img\">\n                        <div class=\"cont--image-primary\">\n                            <img loading=\"lazy\" decoding=\"async\" width=\"530\" height=\"760\" src=\"https:\/\/keraco.com\/wp-content\/uploads\/2019\/11\/img-ceramica-porosa-04.jpg\" class=\"attachment-full size-full wp-post-image\" alt=\"\" srcset=\"https:\/\/keraco.com\/wp-content\/uploads\/2019\/11\/img-ceramica-porosa-04.jpg 530w, https:\/\/keraco.com\/wp-content\/uploads\/2019\/11\/img-ceramica-porosa-04-209x300.jpg 209w\" sizes=\"auto, (max-width: 530px) 100vw, 530px\" \/>                        <\/div>\n\n                         \n                    <\/div>\n\n                <\/div>\n\n            \n                <div class=\"item panel\">\n\n                    <div class=\"cont--img\">\n                        <div class=\"cont--image-primary\">\n                            <img loading=\"lazy\" decoding=\"async\" width=\"530\" height=\"760\" src=\"https:\/\/keraco.com\/wp-content\/uploads\/2019\/11\/img-ceramica-porosa-05.jpg\" class=\"attachment-full size-full wp-post-image\" alt=\"\" srcset=\"https:\/\/keraco.com\/wp-content\/uploads\/2019\/11\/img-ceramica-porosa-05.jpg 530w, https:\/\/keraco.com\/wp-content\/uploads\/2019\/11\/img-ceramica-porosa-05-209x300.jpg 209w\" sizes=\"auto, (max-width: 530px) 100vw, 530px\" \/>                        <\/div>\n\n                         \n                    <\/div>\n\n                <\/div>\n\n                    <\/div>\n    <\/div>\n\n[\/vc_column][\/vc_row][\/vc_section]<\/p>\n<\/div>","protected":false},"excerpt":{"rendered":"<p>[vc_section][vc_row full_width=\u00bbstretch_row_content_no_spaces\u00bb][vc_column][\/vc_column][\/vc_row][\/vc_section][vc_section][vc_row][vc_column][\/vc_column][\/vc_row][\/vc_section][vc_section][vc_row][vc_column width=\u00bb1\/2&#8243;][vc_column_text]Para adaptarnos a las necesidades \u2013 dimensiones y caracter\u00edsticas \u2013 de cada uno de nuestros clientes, disponemos de una base de 6 placas cer\u00e1micas b\u00e1sicas. [\/vc_column_text][\/vc_column][vc_column width=\u00bb1\/2&#8243;][\/vc_column][\/vc_row][vc_row css=\u00bb.vc_custom_1573220101617{margin-top: 50px !important;margin-bottom: 50px !important;}\u00bb][vc_column][vc_column_text] Referencias Superficie \u00d8 agujero Medidas m\u00ednimas aproximadas Medidas m\u00e1ximas aproximadas K-01 Figure 8 1,37 mm 157 x 73 x 13 164 [&#8230;]<\/p>\n<p><a class=\"btn btn-secondary understrap-read-more-link\" href=\"https:\/\/keraco.com\/es\/ceramica-porosa-placas-ceramicas-infrarrojas\/\">Leer m\u00e1s&#8230;<span class=\"screen-reader-text\"> from Cer\u00e1mica porosa: placas cer\u00e1micas infrarrojas<\/span><\/a><\/p>\n","protected":false},"author":1,"featured_media":0,"parent":0,"menu_order":0,"comment_status":"closed","ping_status":"closed","template":"page-templates\/page-light-and-dark.php","meta":{"_acf_changed":false,"_monsterinsights_skip_tracking":false,"_monsterinsights_sitenote_active":false,"_monsterinsights_sitenote_note":"","_monsterinsights_sitenote_category":0,"footnotes":""},"class_list":["post-255","page","type-page","status-publish","hentry"],"acf":[],"yoast_head":"<!-- This site is optimized with the Yoast SEO plugin v27.4 - https:\/\/yoast.com\/product\/yoast-seo-wordpress\/ -->\n<title>Cer\u00e1mica porosa: placas cer\u00e1micas infrarrojas - Keraco<\/title>\n<meta name=\"robots\" content=\"index, follow, max-snippet:-1, max-image-preview:large, max-video-preview:-1\" \/>\n<link rel=\"canonical\" href=\"https:\/\/keraco.com\/ceramica-porosa-placas-ceramicas-infrarrojas\/\" \/>\n<meta property=\"og:locale\" content=\"es_ES\" \/>\n<meta property=\"og:type\" content=\"article\" \/>\n<meta property=\"og:title\" content=\"Cer\u00e1mica porosa: placas cer\u00e1micas infrarrojas - Keraco\" \/>\n<meta property=\"og:description\" content=\"[vc_section][vc_row full_width=\u00bbstretch_row_content_no_spaces\u00bb][vc_column][\/vc_column][\/vc_row][\/vc_section][vc_section][vc_row][vc_column][\/vc_column][\/vc_row][\/vc_section][vc_section][vc_row][vc_column width=\u00bb1\/2&#8243;][vc_column_text]Para adaptarnos a las necesidades \u2013 dimensiones y caracter\u00edsticas \u2013 de cada uno de nuestros clientes, disponemos de una base de 6 placas cer\u00e1micas b\u00e1sicas. [\/vc_column_text][\/vc_column][vc_column width=\u00bb1\/2&#8243;][\/vc_column][\/vc_row][vc_row css=\u00bb.vc_custom_1573220101617{margin-top: 50px !important;margin-bottom: 50px !important;}\u00bb][vc_column][vc_column_text] Referencias Superficie \u00d8 agujero Medidas m\u00ednimas aproximadas Medidas m\u00e1ximas aproximadas K-01 Figure 8 1,37 mm 157 x 73 x 13 164 [...]Leer m\u00e1s... from Cer\u00e1mica porosa: placas cer\u00e1micas infrarrojas\" \/>\n<meta property=\"og:url\" content=\"https:\/\/keraco.com\/ceramica-porosa-placas-ceramicas-infrarrojas\/\" \/>\n<meta property=\"og:site_name\" content=\"Keraco\" \/>\n<meta property=\"article:modified_time\" content=\"2019-11-26T07:10:49+00:00\" \/>\n<meta name=\"twitter:card\" content=\"summary_large_image\" \/>\n<meta name=\"twitter:label1\" content=\"Tiempo de lectura\" \/>\n\t<meta name=\"twitter:data1\" content=\"2 minutos\" \/>\n<script type=\"application\/ld+json\" class=\"yoast-schema-graph\">{\"@context\":\"https:\\\/\\\/schema.org\",\"@graph\":[{\"@type\":\"WebPage\",\"@id\":\"https:\\\/\\\/keraco.com\\\/ceramica-porosa-placas-ceramicas-infrarrojas\\\/\",\"url\":\"https:\\\/\\\/keraco.com\\\/ceramica-porosa-placas-ceramicas-infrarrojas\\\/\",\"name\":\"Cer\u00e1mica porosa: placas cer\u00e1micas infrarrojas - Keraco\",\"isPartOf\":{\"@id\":\"https:\\\/\\\/keraco.com\\\/#website\"},\"datePublished\":\"2019-11-08T11:34:32+00:00\",\"dateModified\":\"2019-11-26T07:10:49+00:00\",\"breadcrumb\":{\"@id\":\"https:\\\/\\\/keraco.com\\\/ceramica-porosa-placas-ceramicas-infrarrojas\\\/#breadcrumb\"},\"inLanguage\":\"es\",\"potentialAction\":[{\"@type\":\"ReadAction\",\"target\":[\"https:\\\/\\\/keraco.com\\\/ceramica-porosa-placas-ceramicas-infrarrojas\\\/\"]}]},{\"@type\":\"BreadcrumbList\",\"@id\":\"https:\\\/\\\/keraco.com\\\/ceramica-porosa-placas-ceramicas-infrarrojas\\\/#breadcrumb\",\"itemListElement\":[{\"@type\":\"ListItem\",\"position\":1,\"name\":\"Home\",\"item\":\"https:\\\/\\\/keraco.com\\\/pagina-principal\\\/\"},{\"@type\":\"ListItem\",\"position\":2,\"name\":\"Cer\u00e1mica porosa: placas cer\u00e1micas infrarrojas\"}]},{\"@type\":\"WebSite\",\"@id\":\"https:\\\/\\\/keraco.com\\\/#website\",\"url\":\"https:\\\/\\\/keraco.com\\\/\",\"name\":\"Keraco\",\"description\":\"Technology &amp; Quality\",\"potentialAction\":[{\"@type\":\"SearchAction\",\"target\":{\"@type\":\"EntryPoint\",\"urlTemplate\":\"https:\\\/\\\/keraco.com\\\/?s={search_term_string}\"},\"query-input\":{\"@type\":\"PropertyValueSpecification\",\"valueRequired\":true,\"valueName\":\"search_term_string\"}}],\"inLanguage\":\"es\"}]}<\/script>\n<!-- \/ Yoast SEO plugin. -->","yoast_head_json":{"title":"Cer\u00e1mica porosa: placas cer\u00e1micas infrarrojas - Keraco","robots":{"index":"index","follow":"follow","max-snippet":"max-snippet:-1","max-image-preview":"max-image-preview:large","max-video-preview":"max-video-preview:-1"},"canonical":"https:\/\/keraco.com\/ceramica-porosa-placas-ceramicas-infrarrojas\/","og_locale":"es_ES","og_type":"article","og_title":"Cer\u00e1mica porosa: placas cer\u00e1micas infrarrojas - Keraco","og_description":"[vc_section][vc_row full_width=\u00bbstretch_row_content_no_spaces\u00bb][vc_column][\/vc_column][\/vc_row][\/vc_section][vc_section][vc_row][vc_column][\/vc_column][\/vc_row][\/vc_section][vc_section][vc_row][vc_column width=\u00bb1\/2&#8243;][vc_column_text]Para adaptarnos a las necesidades \u2013 dimensiones y caracter\u00edsticas \u2013 de cada uno de nuestros clientes, disponemos de una base de 6 placas cer\u00e1micas b\u00e1sicas. [\/vc_column_text][\/vc_column][vc_column width=\u00bb1\/2&#8243;][\/vc_column][\/vc_row][vc_row css=\u00bb.vc_custom_1573220101617{margin-top: 50px !important;margin-bottom: 50px !important;}\u00bb][vc_column][vc_column_text] Referencias Superficie \u00d8 agujero Medidas m\u00ednimas aproximadas Medidas m\u00e1ximas aproximadas K-01 Figure 8 1,37 mm 157 x 73 x 13 164 [...]Leer m\u00e1s... from Cer\u00e1mica porosa: placas cer\u00e1micas infrarrojas","og_url":"https:\/\/keraco.com\/ceramica-porosa-placas-ceramicas-infrarrojas\/","og_site_name":"Keraco","article_modified_time":"2019-11-26T07:10:49+00:00","twitter_card":"summary_large_image","twitter_misc":{"Tiempo de lectura":"2 minutos"},"schema":{"@context":"https:\/\/schema.org","@graph":[{"@type":"WebPage","@id":"https:\/\/keraco.com\/ceramica-porosa-placas-ceramicas-infrarrojas\/","url":"https:\/\/keraco.com\/ceramica-porosa-placas-ceramicas-infrarrojas\/","name":"Cer\u00e1mica porosa: placas cer\u00e1micas infrarrojas - Keraco","isPartOf":{"@id":"https:\/\/keraco.com\/#website"},"datePublished":"2019-11-08T11:34:32+00:00","dateModified":"2019-11-26T07:10:49+00:00","breadcrumb":{"@id":"https:\/\/keraco.com\/ceramica-porosa-placas-ceramicas-infrarrojas\/#breadcrumb"},"inLanguage":"es","potentialAction":[{"@type":"ReadAction","target":["https:\/\/keraco.com\/ceramica-porosa-placas-ceramicas-infrarrojas\/"]}]},{"@type":"BreadcrumbList","@id":"https:\/\/keraco.com\/ceramica-porosa-placas-ceramicas-infrarrojas\/#breadcrumb","itemListElement":[{"@type":"ListItem","position":1,"name":"Home","item":"https:\/\/keraco.com\/pagina-principal\/"},{"@type":"ListItem","position":2,"name":"Cer\u00e1mica porosa: placas cer\u00e1micas infrarrojas"}]},{"@type":"WebSite","@id":"https:\/\/keraco.com\/#website","url":"https:\/\/keraco.com\/","name":"Keraco","description":"Technology &amp; Quality","potentialAction":[{"@type":"SearchAction","target":{"@type":"EntryPoint","urlTemplate":"https:\/\/keraco.com\/?s={search_term_string}"},"query-input":{"@type":"PropertyValueSpecification","valueRequired":true,"valueName":"search_term_string"}}],"inLanguage":"es"}]}},"_links":{"self":[{"href":"https:\/\/keraco.com\/es\/wp-json\/wp\/v2\/pages\/255","targetHints":{"allow":["GET"]}}],"collection":[{"href":"https:\/\/keraco.com\/es\/wp-json\/wp\/v2\/pages"}],"about":[{"href":"https:\/\/keraco.com\/es\/wp-json\/wp\/v2\/types\/page"}],"author":[{"embeddable":true,"href":"https:\/\/keraco.com\/es\/wp-json\/wp\/v2\/users\/1"}],"replies":[{"embeddable":true,"href":"https:\/\/keraco.com\/es\/wp-json\/wp\/v2\/comments?post=255"}],"version-history":[{"count":0,"href":"https:\/\/keraco.com\/es\/wp-json\/wp\/v2\/pages\/255\/revisions"}],"wp:attachment":[{"href":"https:\/\/keraco.com\/es\/wp-json\/wp\/v2\/media?parent=255"}],"curies":[{"name":"wp","href":"https:\/\/api.w.org\/{rel}","templated":true}]}}